{"id":38432,"date":"2024-07-18T16:15:54","date_gmt":"2024-07-18T13:15:54","guid":{"rendered":"https:\/\/elidenta.lt\/?page_id=38432"},"modified":"2024-09-28T18:28:06","modified_gmt":"2024-09-28T15:28:06","slug":"privacy-policy","status":"publish","type":"page","link":"https:\/\/elidenta.lt\/en\/privacy-policy\/","title":{"rendered":"Privacy Policy"},"content":{"rendered":"<div class=\"gb-container gb-container-5112be88 alignfull gbp-section\">\n<div class=\"gb-container gb-container-287e1f8e gbp-section__inner\">\n\n<h2 class=\"wp-block-heading\">Dental Clinic \"Elidenta\" Privacy Policy<\/h2>\n\n\n\n<p>1. In this Elidenta Dental Clinic Privacy Policy you will find information on what data the Elidenta Dental Clinic on the Elidenta website&nbsp;<a href=\"https:\/\/elidenta.lt\/en\/\">www.elidenta.lt<\/a>&nbsp;(hereinafter referred to as&nbsp;<em>Website<\/em>) we collect and how we use it.<\/p>\n\n\n\n<p>2. The controller of your personal data is UAB \"Elidenta ir Partneriai\", company code 304438796, registered at Rinktin\u0117s g. 36-2, Vilnius.<\/p>\n\n\n\n<p>3. The collection, processing and storage of personal data shall be governed by this Privacy Policy, the Law on Legal Protection of Personal Data of the Republic of Lithuania and other legal acts.<\/p>\n\n\n\n<p>4. For the purposes of this Privacy Policy, we use the term \"personal data\" (hereinafter referred to as&nbsp;<em>Personal data<\/em>) means any information or set of information from which we can directly or indirectly identify you.<\/p>\n\n\n\n<h2 class=\"wp-block-heading\">What information do we collect?<\/h2>\n\n\n\n<p>5. Elidenta Dental Clinic receives and stores the information you provide when you visit the Website:<\/p>\n\n\n\n<ul class=\"wp-block-list\">\n<li><span style=\"font-size: revert; background-color: transparent; color: var(--theme-text-color); font-family: var(--theme-font-family); font-style: var(--theme-font-style, inherit); font-weight: var(--theme-font-weight); letter-spacing: var(--theme-letter-spacing); text-transform: var(--theme-text-transform);\">Geographical location, browser type, where you were redirected from, length of visit and number of page views.<\/span><\/li>\n\n\n\n<li><span style=\"font-size: revert; background-color: transparent; color: var(--theme-text-color); font-family: var(--theme-font-family); font-style: var(--theme-font-style, inherit); font-weight: var(--theme-font-weight); letter-spacing: var(--theme-letter-spacing); text-transform: var(--theme-text-transform);\">Your name, telephone number and email address, which you provide when you contact us and fill in the enquiry form on the website. We process this data in order to contact you and to respond to your enquiries made through our website.<\/span><\/li>\n\n\n\n<li><span style=\"font-size: revert; background-color: transparent; color: var(--theme-text-color); font-family: var(--theme-font-family); font-style: var(--theme-font-style, inherit); font-weight: var(--theme-font-weight); letter-spacing: var(--theme-letter-spacing); text-transform: var(--theme-text-transform);\">Any other information that you choose to send us.<\/span><\/li>\n<\/ul>\n\n\n\n<h2 class=\"wp-block-heading\">Data security<\/h2>\n\n\n\n<p>6. Odontologijos klinika \u201eElidenta\u201c \u012fgyvendina tinkamas priemones, skirtas apsaugoti J\u016bs\u0173 asmens duomenis nuo atsitiktinio ar neteis\u0117to sunaikinimo, pakeitimo, atskleidimo, taip pat nuo bet kokio kito neteis\u0117to tvarkymo.<\/p>\n\n\n\n<h2 class=\"wp-block-heading\">Use of your personal data<\/h2>\n\n\n\n<p>7. Asmeniniai duomenys, pateikti \u0161ioje interneto svetain\u0117je, bus naudojami tikslams, nurodytiems \u0161ioje privatumo politikoje arba aktualiose \u0161ios interneto svetain\u0117s dalyse. Mes galime naudoti j\u016bs\u0173 asmenin\u0119 informacij\u0105 \u0161iems tikslams:<\/p>\n\n\n\n<ul class=\"wp-block-list\">\n<li>To inform you about the events and activities at the Elidenta Dental Clinic for which you have registered. With your consent, we will inform you about other events planned;<\/li>\n\n\n\n<li>Provide statistical information about portal users to third parties, but this information will not be used to identify an individual user.<\/li>\n<\/ul>\n\n\n\n<p>8. Be j\u016bs\u0173 sutikimo mes neteiksime j\u016bs\u0173 asmenini\u0173 duomen\u0173 jokioms tre\u010diosioms \u0161alims tiesiogin\u0117s rinkodaros tikslais.<\/p>\n\n\n\n<h2 class=\"wp-block-heading\">Updates to the Privacy Policy<\/h2>\n\n\n\n<p>9. Mes galime atnaujinti \u0161i\u0105 Privatumo politik\u0105 paskelbdami nauj\u0105 jos versij\u0105 \u0161ioje interneto svetain\u0117je. J\u016bs tur\u0117tum\u0117te per\u017ei\u016br\u0117ti \u0161\u012f puslap\u012f, kad susipa\u017eintum\u0117te, su privatumo politikos pakeitimais.<\/p>\n\n\n\n<h2 class=\"wp-block-heading\">Third country websites<\/h2>\n\n\n\n<p>10. Odontologijos klinikos \u201eElidenta\u201c interneto svetain\u0117je gali b\u016bti pateiktos nuorodos \u012f tre\u010di\u0173j\u0173 \u0161ali\u0173 interneto svetaines, \u012f teis\u0117s aktus, taip pat nuorodos \u012f socialinius tinklus, gali b\u016bti pateikta i\u0161 kit\u0173 svetaini\u0173 \u012fkelto turinio (pavyzd\u017eiui, nuotrauk\u0173, teksto ir pan.). Tre\u010di\u0173j\u0173 \u0161ali\u0173 svetain\u0117ms, kuri\u0173 nuorodos pateikiamos\u00a0odontologijos klinikos \u201eElidenta\u201c interneto svetain\u0117je, yra taikomos \u0161i\u0173 svetaini\u0173 privatumo politikos. Odontologijos klinika \u201eElidenta\u201c neprisiima atsakomyb\u0117s pagal toki\u0173 svetaini\u0173 ar tre\u010di\u0173j\u0173 \u0161ali\u0173 privatumo politikas.<\/p>\n\n\n\n<h2 class=\"wp-block-heading\">Data controller contacts<\/h2>\n\n\n\n<p>11. Su J\u016bs\u0173 asmens duomen\u0173 tvarkymu susijusiais klausimais galite kreiptis \u012f odontologijos klinik\u0105 \u201eElidenta\u201c el. pa\u0161tu: <a href=\"mailto:info@memeliomokykla.lt\">elidentavilnius@gmail.com<\/a><\/p>\n\n\n\n<p>Published on 21-08-2024<\/p>\n\n<\/div>\n<\/div>","protected":false},"excerpt":{"rendered":"<p>Odontologijos klinika \u201eElidenta\u201c privatumo politika 1. \u0160ioje odontologijos klinikos \u201eElidenta\u201c privatumo politikoje rasite informacij\u0105, kokius duomenis odontologijos klinika \u201eElidenta\u201c interneto svetain\u0117je&nbsp;www.elidenta.lt&nbsp;(toliau \u2013&nbsp;Svetain\u0117) renkame ir kaip j\u0105 naudojame. 2. J\u016bs\u0173 asmens duomen\u0173 valdytojas yra UAB \u201cElidenta ir Partneriai\u201d, \u012fmon\u0117s kodas 304438796, registruota adresu Rinktin\u0117s g. 36-2, Vilnius. 3. Asmens duomen\u0173 rinkim\u0105, tvarkym\u0105 ir saugojim\u0105 nustato \u0161i [&hellip;]<\/p>\n","protected":false},"author":1,"featured_media":0,"parent":0,"menu_order":0,"comment_status":"closed","ping_status":"closed","template":"","meta":{"_acf_changed":false,"footnotes":""},"class_list":["post-38432","page","type-page","status-publish","hentry"],"blocksy_meta":[],"acf":[],"yoast_head":"<!-- This site is optimized with the Yoast SEO plugin v27.3 - https:\/\/yoast.com\/product\/yoast-seo-wordpress\/ -->\n<title>Privatumo politika - Elidenta<\/title>\n<meta name=\"robots\" content=\"index, follow, max-snippet:-1, max-image-preview:large, max-video-preview:-1\" \/>\n<link rel=\"canonical\" href=\"https:\/\/elidenta.lt\/en\/privacy-policy\/\" \/>\n<meta property=\"og:locale\" content=\"en_GB\" \/>\n<meta property=\"og:type\" content=\"article\" \/>\n<meta property=\"og:title\" content=\"Privatumo politika - Elidenta\" \/>\n<meta property=\"og:description\" content=\"Odontologijos klinika \u201eElidenta\u201c privatumo politika 1. \u0160ioje odontologijos klinikos \u201eElidenta\u201c privatumo politikoje rasite informacij\u0105, kokius duomenis odontologijos klinika \u201eElidenta\u201c interneto svetain\u0117je&nbsp;www.elidenta.lt&nbsp;(toliau \u2013&nbsp;Svetain\u0117) renkame ir kaip j\u0105 naudojame. 2. J\u016bs\u0173 asmens duomen\u0173 valdytojas yra UAB \u201cElidenta ir Partneriai\u201d, \u012fmon\u0117s kodas 304438796, registruota adresu Rinktin\u0117s g. 36-2, Vilnius. 3. Asmens duomen\u0173 rinkim\u0105, tvarkym\u0105 ir saugojim\u0105 nustato \u0161i [&hellip;]\" \/>\n<meta property=\"og:url\" content=\"https:\/\/elidenta.lt\/en\/privacy-policy\/\" \/>\n<meta property=\"og:site_name\" content=\"Elidenta\" \/>\n<meta property=\"article:publisher\" content=\"https:\/\/www.facebook.com\/p\/Odontologijos-klinika-Elidenta-61558486250837\/\" \/>\n<meta property=\"article:modified_time\" content=\"2024-09-28T15:28:06+00:00\" \/>\n<meta name=\"twitter:card\" content=\"summary_large_image\" \/>\n<meta name=\"twitter:label1\" content=\"Estimated reading time\" \/>\n\t<meta name=\"twitter:data1\" content=\"3 minutes\" \/>\n<script type=\"application\/ld+json\" class=\"yoast-schema-graph\">{\"@context\":\"https:\\\/\\\/schema.org\",\"@graph\":[{\"@type\":\"WebPage\",\"@id\":\"https:\\\/\\\/elidenta.lt\\\/privatumo-politika\\\/\",\"url\":\"https:\\\/\\\/elidenta.lt\\\/privatumo-politika\\\/\",\"name\":\"Privatumo politika - Elidenta\",\"isPartOf\":{\"@id\":\"https:\\\/\\\/elidenta.lt\\\/#website\"},\"datePublished\":\"2024-07-18T13:15:54+00:00\",\"dateModified\":\"2024-09-28T15:28:06+00:00\",\"breadcrumb\":{\"@id\":\"https:\\\/\\\/elidenta.lt\\\/privatumo-politika\\\/#breadcrumb\"},\"inLanguage\":\"en-GB\",\"potentialAction\":[{\"@type\":\"ReadAction\",\"target\":[\"https:\\\/\\\/elidenta.lt\\\/privatumo-politika\\\/\"]}]},{\"@type\":\"BreadcrumbList\",\"@id\":\"https:\\\/\\\/elidenta.lt\\\/privatumo-politika\\\/#breadcrumb\",\"itemListElement\":[{\"@type\":\"ListItem\",\"position\":1,\"name\":\"Home\",\"item\":\"https:\\\/\\\/elidenta.lt\\\/\"},{\"@type\":\"ListItem\",\"position\":2,\"name\":\"Privatumo politika\"}]},{\"@type\":\"WebSite\",\"@id\":\"https:\\\/\\\/elidenta.lt\\\/#website\",\"url\":\"https:\\\/\\\/elidenta.lt\\\/\",\"name\":\"Elidenta\",\"description\":\"Odontologijos klinika\",\"publisher\":{\"@id\":\"https:\\\/\\\/elidenta.lt\\\/#organization\"},\"potentialAction\":[{\"@type\":\"SearchAction\",\"target\":{\"@type\":\"EntryPoint\",\"urlTemplate\":\"https:\\\/\\\/elidenta.lt\\\/?s={search_term_string}\"},\"query-input\":{\"@type\":\"PropertyValueSpecification\",\"valueRequired\":true,\"valueName\":\"search_term_string\"}}],\"inLanguage\":\"en-GB\"},{\"@type\":\"Organization\",\"@id\":\"https:\\\/\\\/elidenta.lt\\\/#organization\",\"name\":\"Elidenta\",\"url\":\"https:\\\/\\\/elidenta.lt\\\/\",\"logo\":{\"@type\":\"ImageObject\",\"inLanguage\":\"en-GB\",\"@id\":\"https:\\\/\\\/elidenta.lt\\\/#\\\/schema\\\/logo\\\/image\\\/\",\"url\":\"https:\\\/\\\/elidenta.lt\\\/wp-content\\\/uploads\\\/elidenta-logo-b.svg\",\"contentUrl\":\"https:\\\/\\\/elidenta.lt\\\/wp-content\\\/uploads\\\/elidenta-logo-b.svg\",\"width\":714,\"height\":150,\"caption\":\"Elidenta\"},\"image\":{\"@id\":\"https:\\\/\\\/elidenta.lt\\\/#\\\/schema\\\/logo\\\/image\\\/\"},\"sameAs\":[\"https:\\\/\\\/www.facebook.com\\\/p\\\/Odontologijos-klinika-Elidenta-61558486250837\\\/\",\"https:\\\/\\\/www.instagram.com\\\/elidenta_klinika\\\/\"]}]}<\/script>\n<!-- \/ Yoast SEO plugin. -->","yoast_head_json":{"title":"Privacy Policy - Elidenta","robots":{"index":"index","follow":"follow","max-snippet":"max-snippet:-1","max-image-preview":"max-image-preview:large","max-video-preview":"max-video-preview:-1"},"canonical":"https:\/\/elidenta.lt\/en\/privacy-policy\/","og_locale":"en_GB","og_type":"article","og_title":"Privatumo politika - Elidenta","og_description":"Odontologijos klinika \u201eElidenta\u201c privatumo politika 1. \u0160ioje odontologijos klinikos \u201eElidenta\u201c privatumo politikoje rasite informacij\u0105, kokius duomenis odontologijos klinika \u201eElidenta\u201c interneto svetain\u0117je&nbsp;www.elidenta.lt&nbsp;(toliau \u2013&nbsp;Svetain\u0117) renkame ir kaip j\u0105 naudojame. 2. J\u016bs\u0173 asmens duomen\u0173 valdytojas yra UAB \u201cElidenta ir Partneriai\u201d, \u012fmon\u0117s kodas 304438796, registruota adresu Rinktin\u0117s g. 36-2, Vilnius. 3. Asmens duomen\u0173 rinkim\u0105, tvarkym\u0105 ir saugojim\u0105 nustato \u0161i [&hellip;]","og_url":"https:\/\/elidenta.lt\/en\/privacy-policy\/","og_site_name":"Elidenta","article_publisher":"https:\/\/www.facebook.com\/p\/Odontologijos-klinika-Elidenta-61558486250837\/","article_modified_time":"2024-09-28T15:28:06+00:00","twitter_card":"summary_large_image","twitter_misc":{"Estimated reading time":"3 minutes"},"schema":{"@context":"https:\/\/schema.org","@graph":[{"@type":"WebPage","@id":"https:\/\/elidenta.lt\/privatumo-politika\/","url":"https:\/\/elidenta.lt\/privatumo-politika\/","name":"Privacy Policy - Elidenta","isPartOf":{"@id":"https:\/\/elidenta.lt\/#website"},"datePublished":"2024-07-18T13:15:54+00:00","dateModified":"2024-09-28T15:28:06+00:00","breadcrumb":{"@id":"https:\/\/elidenta.lt\/privatumo-politika\/#breadcrumb"},"inLanguage":"en-GB","potentialAction":[{"@type":"ReadAction","target":["https:\/\/elidenta.lt\/privatumo-politika\/"]}]},{"@type":"BreadcrumbList","@id":"https:\/\/elidenta.lt\/privatumo-politika\/#breadcrumb","itemListElement":[{"@type":"ListItem","position":1,"name":"Home","item":"https:\/\/elidenta.lt\/"},{"@type":"ListItem","position":2,"name":"Privatumo politika"}]},{"@type":"WebSite","@id":"https:\/\/elidenta.lt\/#website","url":"https:\/\/elidenta.lt\/","name":"Elidenta","description":"Odontologijos klinika","publisher":{"@id":"https:\/\/elidenta.lt\/#organization"},"potentialAction":[{"@type":"SearchAction","target":{"@type":"EntryPoint","urlTemplate":"https:\/\/elidenta.lt\/?s={search_term_string}"},"query-input":{"@type":"PropertyValueSpecification","valueRequired":true,"valueName":"search_term_string"}}],"inLanguage":"en-GB"},{"@type":"Organization","@id":"https:\/\/elidenta.lt\/#organization","name":"Elidenta","url":"https:\/\/elidenta.lt\/","logo":{"@type":"ImageObject","inLanguage":"en-GB","@id":"https:\/\/elidenta.lt\/#\/schema\/logo\/image\/","url":"https:\/\/elidenta.lt\/wp-content\/uploads\/elidenta-logo-b.svg","contentUrl":"https:\/\/elidenta.lt\/wp-content\/uploads\/elidenta-logo-b.svg","width":714,"height":150,"caption":"Elidenta"},"image":{"@id":"https:\/\/elidenta.lt\/#\/schema\/logo\/image\/"},"sameAs":["https:\/\/www.facebook.com\/p\/Odontologijos-klinika-Elidenta-61558486250837\/","https:\/\/www.instagram.com\/elidenta_klinika\/"]}]}},"_links":{"self":[{"href":"https:\/\/elidenta.lt\/en\/wp-json\/wp\/v2\/pages\/38432","targetHints":{"allow":["GET"]}}],"collection":[{"href":"https:\/\/elidenta.lt\/en\/wp-json\/wp\/v2\/pages"}],"about":[{"href":"https:\/\/elidenta.lt\/en\/wp-json\/wp\/v2\/types\/page"}],"author":[{"embeddable":true,"href":"https:\/\/elidenta.lt\/en\/wp-json\/wp\/v2\/users\/1"}],"replies":[{"embeddable":true,"href":"https:\/\/elidenta.lt\/en\/wp-json\/wp\/v2\/comments?post=38432"}],"version-history":[{"count":1,"href":"https:\/\/elidenta.lt\/en\/wp-json\/wp\/v2\/pages\/38432\/revisions"}],"predecessor-version":[{"id":39028,"href":"https:\/\/elidenta.lt\/en\/wp-json\/wp\/v2\/pages\/38432\/revisions\/39028"}],"wp:attachment":[{"href":"https:\/\/elidenta.lt\/en\/wp-json\/wp\/v2\/media?parent=38432"}],"curies":[{"name":"wp","href":"https:\/\/api.w.org\/{rel}","templated":true}]}}