{"id":36296,"date":"2024-03-15T10:55:10","date_gmt":"2024-03-15T08:55:10","guid":{"rendered":"https:\/\/elidenta.lt\/?page_id=36296"},"modified":"2025-05-20T15:51:53","modified_gmt":"2025-05-20T12:51:53","slug":"komanda","status":"publish","type":"page","link":"https:\/\/elidenta.lt\/pl\/komanda\/","title":{"rendered":"Zesp\u00f3\u0142"},"content":{"rendered":"<div class=\"gb-container gb-container-eee1257c alignfull gbp-section\">\n<div class=\"gb-container gb-container-aea79c2a gbp-section__inner\">\n<div class=\"gb-container gb-container-0f1f4f9b\">\n\n<div class=\"gb-headline gb-headline-1544803b gb-headline-text gbp-section__text\">Nasz zesp\u00f3\u0142 profesjonalnych dentyst\u00f3w nie tylko wykonuje swoj\u0105 prac\u0119 na wysokim poziomie, ale tak\u017ce dba o to, aby pacjent czu\u0142 si\u0119 dobrze i opu\u015bci\u0142 klinik\u0119 z u\u015bmiechem. Wierzymy, \u017ce tylko prawdziwa troska i wysokiej jako\u015bci praca mog\u0105 pom\u00f3c Ci stawi\u0107 czo\u0142a \u015bwiatu z u\u015bmiechem.&nbsp;<\/div>\n\n<\/div>\n<\/div>\n\n<div class=\"gb-container gb-container-b3427006 gbp-section__inner\">\n\n<div><div class=\"gb-looper-5960b586\">\n<div class=\"gb-loop-item gb-loop-item-8f0aca63 post-36545 gydytojas type-gydytojas status-publish has-post-thumbnail hentry\">\n<a class=\"gb-container-link gb-element-5fa9360a\" href=\"https:\/\/elidenta.lt\/pl\/lekarz\/beata-miceikiene\/\"><\/a>\n\n\n\n<img loading=\"lazy\" decoding=\"async\" width=\"920\" height=\"1380\" alt=\"\" data-media-id=\"38995\" class=\"gb-media-14750f35\" src=\"https:\/\/elidenta.lt\/wp-content\/uploads\/beata.jpg\" srcset=\"https:\/\/elidenta.lt\/wp-content\/uploads\/beata.jpg 920w, https:\/\/elidenta.lt\/wp-content\/uploads\/beata-640x960.jpg 640w, https:\/\/elidenta.lt\/wp-content\/uploads\/beata-768x1152.jpg 768w, https:\/\/elidenta.lt\/wp-content\/uploads\/beata-8x12.jpg 8w\" sizes=\"auto, (max-width: 920px) 100vw, 920px\" \/>\n\n\n\n<div class=\"gb-element-b26e1e42\">\n<h4 class=\"gb-text gb-text-cc986783\">Beata Miceikien\u0117<\/h4>\n\n\n<\/div>\n<\/div>\n\n<div class=\"gb-loop-item gb-loop-item-8f0aca63 post-39038 gydytojas type-gydytojas status-publish has-post-thumbnail hentry\">\n<a class=\"gb-container-link gb-element-5fa9360a\" href=\"https:\/\/elidenta.lt\/pl\/lekarz\/karolina-snieskaite\/\"><\/a>\n\n\n\n<img loading=\"lazy\" decoding=\"async\" width=\"920\" height=\"1380\" alt=\"\" data-media-id=\"39080\" class=\"gb-media-14750f35\" src=\"https:\/\/elidenta.lt\/wp-content\/uploads\/karolina.jpg\" srcset=\"https:\/\/elidenta.lt\/wp-content\/uploads\/karolina.jpg 920w, https:\/\/elidenta.lt\/wp-content\/uploads\/karolina-640x960.jpg 640w, https:\/\/elidenta.lt\/wp-content\/uploads\/karolina-768x1152.jpg 768w, https:\/\/elidenta.lt\/wp-content\/uploads\/karolina-8x12.jpg 8w\" sizes=\"auto, (max-width: 920px) 100vw, 920px\" \/>\n\n\n\n<div class=\"gb-element-b26e1e42\">\n<h4 class=\"gb-text gb-text-cc986783\">Karolina Snie\u0161kait\u0117<\/h4>\n\n\n<\/div>\n<\/div>\n\n<div class=\"gb-loop-item gb-loop-item-8f0aca63 post-39472 gydytojas type-gydytojas status-publish has-post-thumbnail hentry\">\n<a class=\"gb-container-link gb-element-5fa9360a\" href=\"https:\/\/elidenta.lt\/pl\/lekarz\/sarunas-paskevicius\/\"><\/a>\n\n\n\n<img loading=\"lazy\" decoding=\"async\" width=\"920\" height=\"1380\" alt=\"\" data-media-id=\"39484\" class=\"gb-media-14750f35\" src=\"https:\/\/elidenta.lt\/wp-content\/uploads\/sarunas.jpg\" srcset=\"https:\/\/elidenta.lt\/wp-content\/uploads\/sarunas.jpg 920w, https:\/\/elidenta.lt\/wp-content\/uploads\/sarunas-640x960.jpg 640w, https:\/\/elidenta.lt\/wp-content\/uploads\/sarunas-768x1152.jpg 768w, https:\/\/elidenta.lt\/wp-content\/uploads\/sarunas-8x12.jpg 8w\" sizes=\"auto, (max-width: 920px) 100vw, 920px\" \/>\n\n\n\n<div class=\"gb-element-b26e1e42\">\n<h4 class=\"gb-text gb-text-cc986783\">\u0160ar\u016bnas Pa\u0161kevi\u010dius<\/h4>\n\n\n<\/div>\n<\/div>\n\n<div class=\"gb-loop-item gb-loop-item-8f0aca63 post-39316 gydytojas type-gydytojas status-publish has-post-thumbnail hentry\">\n<a class=\"gb-container-link gb-element-5fa9360a\" href=\"https:\/\/elidenta.lt\/pl\/lekarz\/jovita-umaraite\/\"><\/a>\n\n\n\n<img loading=\"lazy\" decoding=\"async\" width=\"1176\" height=\"1570\" alt=\"\" data-media-id=\"39347\" class=\"gb-media-14750f35\" src=\"https:\/\/elidenta.lt\/wp-content\/uploads\/image-11-06-25-04-03-1.jpeg\" srcset=\"https:\/\/elidenta.lt\/wp-content\/uploads\/image-11-06-25-04-03-1.jpeg 1176w, https:\/\/elidenta.lt\/wp-content\/uploads\/image-11-06-25-04-03-1-719x960.jpeg 719w, https:\/\/elidenta.lt\/wp-content\/uploads\/image-11-06-25-04-03-1-768x1025.jpeg 768w, https:\/\/elidenta.lt\/wp-content\/uploads\/image-11-06-25-04-03-1-1151x1536.jpeg 1151w, https:\/\/elidenta.lt\/wp-content\/uploads\/image-11-06-25-04-03-1-9x12.jpeg 9w\" sizes=\"auto, (max-width: 1176px) 100vw, 1176px\" \/>\n\n\n\n<div class=\"gb-element-b26e1e42\">\n<h4 class=\"gb-text gb-text-cc986783\">Jovita Umarait\u0117<\/h4>\n\n\n<\/div>\n<\/div>\n\n<div class=\"gb-loop-item gb-loop-item-8f0aca63 post-39577 gydytojas type-gydytojas status-publish has-post-thumbnail hentry\">\n<a class=\"gb-container-link gb-element-5fa9360a\" href=\"https:\/\/elidenta.lt\/pl\/lekarz\/greta-lauce\/\"><\/a>\n\n\n\n<img loading=\"lazy\" decoding=\"async\" width=\"920\" height=\"1380\" alt=\"\" data-media-id=\"39615\" class=\"gb-media-14750f35\" src=\"https:\/\/elidenta.lt\/wp-content\/uploads\/greta.jpg\" srcset=\"https:\/\/elidenta.lt\/wp-content\/uploads\/greta.jpg 920w, https:\/\/elidenta.lt\/wp-content\/uploads\/greta-640x960.jpg 640w, https:\/\/elidenta.lt\/wp-content\/uploads\/greta-768x1152.jpg 768w, https:\/\/elidenta.lt\/wp-content\/uploads\/greta-8x12.jpg 8w\" sizes=\"auto, (max-width: 920px) 100vw, 920px\" \/>\n\n\n\n<div class=\"gb-element-b26e1e42\">\n<h4 class=\"gb-text gb-text-cc986783\">Greta Lauc\u0117<\/h4>\n\n\n<\/div>\n<\/div>\n\n<div class=\"gb-loop-item gb-loop-item-8f0aca63 post-36501 gydytojas type-gydytojas status-publish has-post-thumbnail hentry\">\n<a class=\"gb-container-link gb-element-5fa9360a\" href=\"https:\/\/elidenta.lt\/pl\/lekarz\/frederikas-palesikas\/\"><\/a>\n\n\n\n<img loading=\"lazy\" decoding=\"async\" width=\"579\" height=\"868\" alt=\"\" data-media-id=\"37511\" class=\"gb-media-14750f35\" src=\"https:\/\/elidenta.lt\/wp-content\/uploads\/2024\/04\/frederikas-fonas_.jpg\" srcset=\"https:\/\/elidenta.lt\/wp-content\/uploads\/2024\/04\/frederikas-fonas_.jpg 579w, https:\/\/elidenta.lt\/wp-content\/uploads\/2024\/04\/frederikas-fonas_-200x300.jpg 200w, https:\/\/elidenta.lt\/wp-content\/uploads\/2024\/04\/frederikas-fonas_-8x12.jpg 8w\" sizes=\"auto, (max-width: 579px) 100vw, 579px\" \/>\n\n\n\n<div class=\"gb-element-b26e1e42\">\n<h4 class=\"gb-text gb-text-cc986783\">Frederik Palesik<\/h4>\n\n\n<\/div>\n<\/div>\n\n<div class=\"gb-loop-item gb-loop-item-8f0aca63 post-38329 gydytojas type-gydytojas status-publish has-post-thumbnail hentry\">\n<a class=\"gb-container-link gb-element-5fa9360a\" href=\"https:\/\/elidenta.lt\/pl\/lekarz\/goda-bilvinaite\/\"><\/a>\n\n\n\n<img loading=\"lazy\" decoding=\"async\" width=\"920\" height=\"1380\" alt=\"\" data-media-id=\"39152\" class=\"gb-media-14750f35\" src=\"https:\/\/elidenta.lt\/wp-content\/uploads\/goda.jpg\" srcset=\"https:\/\/elidenta.lt\/wp-content\/uploads\/goda.jpg 920w, https:\/\/elidenta.lt\/wp-content\/uploads\/goda-640x960.jpg 640w, https:\/\/elidenta.lt\/wp-content\/uploads\/goda-768x1152.jpg 768w, https:\/\/elidenta.lt\/wp-content\/uploads\/goda-8x12.jpg 8w\" sizes=\"auto, (max-width: 920px) 100vw, 920px\" \/>\n\n\n\n<div class=\"gb-element-b26e1e42\">\n<h4 class=\"gb-text gb-text-cc986783\">Goda Bilvinait\u0117<\/h4>\n\n\n<\/div>\n<\/div>\n<\/div><\/div>\n\n<\/div>\n<\/div>","protected":false},"excerpt":{"rendered":"<p>Nasz zesp\u00f3\u0142 profesjonalnych dentyst\u00f3w nie tylko wykonuje swoj\u0105 prac\u0119 na wysokim poziomie, ale tak\u017ce dba o to, aby pacjent czu\u0142 si\u0119 dobrze i opu\u015bci\u0142 klinik\u0119 z u\u015bmiechem. Wierzymy, \u017ce tylko prawdziwa troska i wysokiej jako\u015bci praca mog\u0105 pom\u00f3c Ci stawi\u0107 czo\u0142a \u015bwiatu z u\u015bmiechem.&nbsp;<\/p>","protected":false},"author":1,"featured_media":0,"parent":0,"menu_order":0,"comment_status":"closed","ping_status":"closed","template":"","meta":{"_acf_changed":false,"footnotes":""},"class_list":["post-36296","page","type-page","status-publish","hentry"],"blocksy_meta":{"vertical_spacing_source":"inherit","content_area_spacing":"none","styles_descriptor":{"styles":{"desktop":"","tablet":"","mobile":""},"google_fonts":[],"version":6},"has_hero_section":"default"},"acf":[],"yoast_head":"<!-- This site is optimized with the Yoast SEO plugin v27.4 - https:\/\/yoast.com\/product\/yoast-seo-wordpress\/ -->\n<title>Komanda - Elidenta<\/title>\n<meta name=\"robots\" content=\"index, follow, max-snippet:-1, max-image-preview:large, max-video-preview:-1\" \/>\n<link rel=\"canonical\" href=\"https:\/\/elidenta.lt\/pl\/komanda\/\" \/>\n<meta property=\"og:locale\" content=\"pl_PL\" \/>\n<meta property=\"og:type\" content=\"article\" \/>\n<meta property=\"og:title\" content=\"Komanda - Elidenta\" \/>\n<meta property=\"og:description\" content=\"M\u016bs\u0173 profesionali\u0173 odontolog\u0173 komanda ne tik kokybi\u0161kai atlieka savo darb\u0105, bet ir r\u016bpinasi, kad pacientas jaust\u0173si gerai ir klinik\u0105 palikt\u0173 su \u0161ypsena. Tikime, kad tik nuo\u0161irdus r\u016bpestis ir kokybi\u0161kas darbas gali pad\u0117ti pasitikti pasaul\u012f \u0161ypsantis.&nbsp;\" \/>\n<meta property=\"og:url\" content=\"https:\/\/elidenta.lt\/pl\/komanda\/\" \/>\n<meta property=\"og:site_name\" content=\"Elidenta\" \/>\n<meta property=\"article:publisher\" content=\"https:\/\/www.facebook.com\/p\/Odontologijos-klinika-Elidenta-61558486250837\/\" \/>\n<meta property=\"article:modified_time\" content=\"2025-05-20T12:51:53+00:00\" \/>\n<meta name=\"twitter:card\" content=\"summary_large_image\" \/>\n<meta name=\"twitter:label1\" content=\"Szacowany czas czytania\" \/>\n\t<meta name=\"twitter:data1\" content=\"1 minuta\" \/>\n<script type=\"application\/ld+json\" class=\"yoast-schema-graph\">{\"@context\":\"https:\\\/\\\/schema.org\",\"@graph\":[{\"@type\":\"WebPage\",\"@id\":\"https:\\\/\\\/elidenta.lt\\\/komanda\\\/\",\"url\":\"https:\\\/\\\/elidenta.lt\\\/komanda\\\/\",\"name\":\"Komanda - Elidenta\",\"isPartOf\":{\"@id\":\"https:\\\/\\\/elidenta.lt\\\/#website\"},\"datePublished\":\"2024-03-15T08:55:10+00:00\",\"dateModified\":\"2025-05-20T12:51:53+00:00\",\"breadcrumb\":{\"@id\":\"https:\\\/\\\/elidenta.lt\\\/komanda\\\/#breadcrumb\"},\"inLanguage\":\"pl-PL\",\"potentialAction\":[{\"@type\":\"ReadAction\",\"target\":[\"https:\\\/\\\/elidenta.lt\\\/komanda\\\/\"]}]},{\"@type\":\"BreadcrumbList\",\"@id\":\"https:\\\/\\\/elidenta.lt\\\/komanda\\\/#breadcrumb\",\"itemListElement\":[{\"@type\":\"ListItem\",\"position\":1,\"name\":\"Home\",\"item\":\"https:\\\/\\\/elidenta.lt\\\/\"},{\"@type\":\"ListItem\",\"position\":2,\"name\":\"Komanda\"}]},{\"@type\":\"WebSite\",\"@id\":\"https:\\\/\\\/elidenta.lt\\\/#website\",\"url\":\"https:\\\/\\\/elidenta.lt\\\/\",\"name\":\"Elidenta\",\"description\":\"Odontologijos klinika\",\"publisher\":{\"@id\":\"https:\\\/\\\/elidenta.lt\\\/#organization\"},\"potentialAction\":[{\"@type\":\"SearchAction\",\"target\":{\"@type\":\"EntryPoint\",\"urlTemplate\":\"https:\\\/\\\/elidenta.lt\\\/?s={search_term_string}\"},\"query-input\":{\"@type\":\"PropertyValueSpecification\",\"valueRequired\":true,\"valueName\":\"search_term_string\"}}],\"inLanguage\":\"pl-PL\"},{\"@type\":\"Organization\",\"@id\":\"https:\\\/\\\/elidenta.lt\\\/#organization\",\"name\":\"Elidenta\",\"url\":\"https:\\\/\\\/elidenta.lt\\\/\",\"logo\":{\"@type\":\"ImageObject\",\"inLanguage\":\"pl-PL\",\"@id\":\"https:\\\/\\\/elidenta.lt\\\/#\\\/schema\\\/logo\\\/image\\\/\",\"url\":\"https:\\\/\\\/elidenta.lt\\\/wp-content\\\/uploads\\\/elidenta-logo-b.svg\",\"contentUrl\":\"https:\\\/\\\/elidenta.lt\\\/wp-content\\\/uploads\\\/elidenta-logo-b.svg\",\"width\":714,\"height\":150,\"caption\":\"Elidenta\"},\"image\":{\"@id\":\"https:\\\/\\\/elidenta.lt\\\/#\\\/schema\\\/logo\\\/image\\\/\"},\"sameAs\":[\"https:\\\/\\\/www.facebook.com\\\/p\\\/Odontologijos-klinika-Elidenta-61558486250837\\\/\",\"https:\\\/\\\/www.instagram.com\\\/elidenta_klinika\\\/\"]}]}<\/script>\n<!-- \/ Yoast SEO plugin. -->","yoast_head_json":{"title":"Zesp\u00f3\u0142 - Elidenta","robots":{"index":"index","follow":"follow","max-snippet":"max-snippet:-1","max-image-preview":"max-image-preview:large","max-video-preview":"max-video-preview:-1"},"canonical":"https:\/\/elidenta.lt\/pl\/komanda\/","og_locale":"pl_PL","og_type":"article","og_title":"Komanda - Elidenta","og_description":"M\u016bs\u0173 profesionali\u0173 odontolog\u0173 komanda ne tik kokybi\u0161kai atlieka savo darb\u0105, bet ir r\u016bpinasi, kad pacientas jaust\u0173si gerai ir klinik\u0105 palikt\u0173 su \u0161ypsena. Tikime, kad tik nuo\u0161irdus r\u016bpestis ir kokybi\u0161kas darbas gali pad\u0117ti pasitikti pasaul\u012f \u0161ypsantis.&nbsp;","og_url":"https:\/\/elidenta.lt\/pl\/komanda\/","og_site_name":"Elidenta","article_publisher":"https:\/\/www.facebook.com\/p\/Odontologijos-klinika-Elidenta-61558486250837\/","article_modified_time":"2025-05-20T12:51:53+00:00","twitter_card":"summary_large_image","twitter_misc":{"Szacowany czas czytania":"1 minuta"},"schema":{"@context":"https:\/\/schema.org","@graph":[{"@type":"WebPage","@id":"https:\/\/elidenta.lt\/komanda\/","url":"https:\/\/elidenta.lt\/komanda\/","name":"Zesp\u00f3\u0142 - Elidenta","isPartOf":{"@id":"https:\/\/elidenta.lt\/#website"},"datePublished":"2024-03-15T08:55:10+00:00","dateModified":"2025-05-20T12:51:53+00:00","breadcrumb":{"@id":"https:\/\/elidenta.lt\/komanda\/#breadcrumb"},"inLanguage":"pl-PL","potentialAction":[{"@type":"ReadAction","target":["https:\/\/elidenta.lt\/komanda\/"]}]},{"@type":"BreadcrumbList","@id":"https:\/\/elidenta.lt\/komanda\/#breadcrumb","itemListElement":[{"@type":"ListItem","position":1,"name":"Home","item":"https:\/\/elidenta.lt\/"},{"@type":"ListItem","position":2,"name":"Komanda"}]},{"@type":"WebSite","@id":"https:\/\/elidenta.lt\/#website","url":"https:\/\/elidenta.lt\/","name":"Elidenta","description":"Odontologijos klinika","publisher":{"@id":"https:\/\/elidenta.lt\/#organization"},"potentialAction":[{"@type":"SearchAction","target":{"@type":"EntryPoint","urlTemplate":"https:\/\/elidenta.lt\/?s={search_term_string}"},"query-input":{"@type":"PropertyValueSpecification","valueRequired":true,"valueName":"search_term_string"}}],"inLanguage":"pl-PL"},{"@type":"Organization","@id":"https:\/\/elidenta.lt\/#organization","name":"Elidenta","url":"https:\/\/elidenta.lt\/","logo":{"@type":"ImageObject","inLanguage":"pl-PL","@id":"https:\/\/elidenta.lt\/#\/schema\/logo\/image\/","url":"https:\/\/elidenta.lt\/wp-content\/uploads\/elidenta-logo-b.svg","contentUrl":"https:\/\/elidenta.lt\/wp-content\/uploads\/elidenta-logo-b.svg","width":714,"height":150,"caption":"Elidenta"},"image":{"@id":"https:\/\/elidenta.lt\/#\/schema\/logo\/image\/"},"sameAs":["https:\/\/www.facebook.com\/p\/Odontologijos-klinika-Elidenta-61558486250837\/","https:\/\/www.instagram.com\/elidenta_klinika\/"]}]}},"_links":{"self":[{"href":"https:\/\/elidenta.lt\/pl\/wp-json\/wp\/v2\/pages\/36296","targetHints":{"allow":["GET"]}}],"collection":[{"href":"https:\/\/elidenta.lt\/pl\/wp-json\/wp\/v2\/pages"}],"about":[{"href":"https:\/\/elidenta.lt\/pl\/wp-json\/wp\/v2\/types\/page"}],"author":[{"embeddable":true,"href":"https:\/\/elidenta.lt\/pl\/wp-json\/wp\/v2\/users\/1"}],"replies":[{"embeddable":true,"href":"https:\/\/elidenta.lt\/pl\/wp-json\/wp\/v2\/comments?post=36296"}],"version-history":[{"count":1,"href":"https:\/\/elidenta.lt\/pl\/wp-json\/wp\/v2\/pages\/36296\/revisions"}],"predecessor-version":[{"id":39217,"href":"https:\/\/elidenta.lt\/pl\/wp-json\/wp\/v2\/pages\/36296\/revisions\/39217"}],"wp:attachment":[{"href":"https:\/\/elidenta.lt\/pl\/wp-json\/wp\/v2\/media?parent=36296"}],"curies":[{"name":"wp","href":"https:\/\/api.w.org\/{rel}","templated":true}]}}