{"id":36298,"date":"2024-03-15T10:55:20","date_gmt":"2024-03-15T08:55:20","guid":{"rendered":"https:\/\/elidenta.lt\/?page_id=36298"},"modified":"2026-03-11T11:12:01","modified_gmt":"2026-03-11T09:12:01","slug":"uslugi","status":"publish","type":"page","link":"https:\/\/elidenta.lt\/pl\/uslugi\/","title":{"rendered":"Us\u0142ugi"},"content":{"rendered":"<div class=\"gb-container gb-container-54424bb3 alignfull gbp-section\">\n<div class=\"gb-container gb-container-9edea29a alignfull\">\n\n<div class=\"wp-block-cover alignfull n-hero has-palette-color-8-color has-text-color\" style=\"border-radius:2rem;margin-top:0;margin-bottom:0;padding-top:0;padding-right:0;padding-bottom:0;padding-left:0;min-height:100%;aspect-ratio:unset;\"><video class=\"wp-block-cover__video-background intrinsic-ignore\" autoplay muted loop playsinline src=\"https:\/\/elidenta.lt\/wp-content\/uploads\/2024\/08\/elidenta-paslaugos.mp4\" data-object-fit=\"cover\"><\/video><span aria-hidden=\"true\" class=\"wp-block-cover__background has-background-dim-80 has-background-dim wp-block-cover__gradient-background has-background-gradient\" style=\"background:linear-gradient(60deg,rgb(27,22,14) 0%,rgba(0,0,0,0) 36%)\"><\/span><div class=\"wp-block-cover__inner-container is-layout-constrained wp-container-core-cover-is-layout-72190d31 wp-block-cover-is-layout-constrained\"><div class=\"gb-container gb-container-008dca89 alignfull\">\n<div class=\"gb-container gb-container-5143412c\">\n\n<h1 class=\"gb-headline gb-headline-2f3c6d8f gb-headline-text gbp-section__headline\">Us\u0142ugi<\/h1>\n\n\n\n<p class=\"gb-headline gb-headline-c14563a1 gb-headline-text gbp-section__text\">Nasz\u0105 misj\u0105 jest \u015bwiadczenie wysokiej jako\u015bci, profesjonalnych i spersonalizowanych us\u0142ug stomatologicznych dla ka\u017cdego pacjenta. Korzystamy z nowoczesnego sprz\u0119tu i najnowszych technologii leczenia, aby zapewni\u0107 zdrowie i pi\u0119kno z\u0119b\u00f3w.<\/p>\n\n<\/div>\n<\/div><\/div><\/div>\n\n<\/div>\n\n<div class=\"gb-container gb-container-ecccc2c7 alignfull gbp-section__inner\">\n<div class=\"gb-container gb-container-8a719acc\">\n\n<h1 class=\"gb-headline gb-headline-adec36d9 gb-headline-text gbp-section__headline\">Us\u0142ugi<\/h1>\n\n\n\n<p class=\"gb-headline gb-headline-8c4fe6dc gb-headline-text gbp-section__text\">Nasz\u0105 misj\u0105 jest \u015bwiadczenie wysokiej jako\u015bci, profesjonalnych i spersonalizowanych us\u0142ug stomatologicznych dla ka\u017cdego pacjenta. Korzystamy z nowoczesnego sprz\u0119tu i najnowszych technologii leczenia, aby zapewni\u0107 zdrowie i pi\u0119kno z\u0119b\u00f3w.<\/p>\n\n<\/div>\n<\/div>\n<\/div>\n\n<div class=\"gb-container gb-container-caa0958c alignfull gbp-section\">\n<div class=\"gb-container gb-container-2892e04d gbp-section__inner\">\n\n<div><div class=\"gb-looper-a503ec4f\">\n<div class=\"gb-loop-item gbp-card gb-loop-item-e8a55dfb post-36370 paslauga type-paslauga status-publish hentry\">\n<a class=\"gb-container-link gb-element-2d39e5c4\" href=\"https:\/\/elidenta.lt\/pl\/usluga\/konsultacija-ir-diagnostiniai-tyrimai\/\"><\/a>\n\n\n\n<div class=\"gb-element-8261a246\">\n\n\n<h3 class=\"gb-text gbp-card__title gb-text-7732f039\">Konsultacje i testy diagnostyczne<\/h3>\n<\/div>\n<\/div>\n\n<div class=\"gb-loop-item gbp-card gb-loop-item-e8a55dfb post-36485 paslauga type-paslauga status-publish hentry\">\n<a class=\"gb-container-link gb-element-2d39e5c4\" href=\"https:\/\/elidenta.lt\/pl\/usluga\/prostowanie-zebow-za-pomoca-nakladek\/\"><\/a>\n\n\n\n<div class=\"gb-element-8261a246\">\n\n\n<h3 class=\"gb-text gbp-card__title gb-text-7732f039\">Dant\u0173 tiesinimo kapos Ordoline<\/h3>\n<\/div>\n<\/div>\n\n<div class=\"gb-loop-item gbp-card gb-loop-item-e8a55dfb post-36369 paslauga type-paslauga status-publish hentry\">\n<a class=\"gb-container-link gb-element-2d39e5c4\" href=\"https:\/\/elidenta.lt\/pl\/usluga\/higiena-jamy-ustnej-i-wybielanie\/\"><\/a>\n\n\n\n<div class=\"gb-element-8261a246\">\n\n\n<h3 class=\"gb-text gbp-card__title gb-text-7732f039\">Higiena jamy ustnej i wybielanie<\/h3>\n<\/div>\n<\/div>\n\n<div class=\"gb-loop-item gbp-card gb-loop-item-e8a55dfb post-36371 paslauga type-paslauga status-publish hentry\">\n<a class=\"gb-container-link gb-element-2d39e5c4\" href=\"https:\/\/elidenta.lt\/pl\/usluga\/leczenie-terapeutyczne\/\"><\/a>\n\n\n\n<div class=\"gb-element-8261a246\">\n\n\n<h3 class=\"gb-text gbp-card__title gb-text-7732f039\">Leczenie terapeutyczne<\/h3>\n<\/div>\n<\/div>\n\n<div class=\"gb-loop-item gbp-card gb-loop-item-e8a55dfb post-36483 paslauga type-paslauga status-publish hentry\">\n<a class=\"gb-container-link gb-element-2d39e5c4\" href=\"https:\/\/elidenta.lt\/pl\/usluga\/leczenie-endodontyczne\/\"><\/a>\n\n\n\n<div class=\"gb-element-8261a246\">\n\n\n<h3 class=\"gb-text gbp-card__title gb-text-7732f039\">Leczenie endodontyczne<\/h3>\n<\/div>\n<\/div>\n\n<div class=\"gb-loop-item gbp-card gb-loop-item-e8a55dfb post-36488 paslauga type-paslauga status-publish hentry\">\n<a class=\"gb-container-link gb-element-2d39e5c4\" href=\"https:\/\/elidenta.lt\/pl\/usluga\/protetyka\/\"><\/a>\n\n\n\n<div class=\"gb-element-8261a246\">\n\n\n<h3 class=\"gb-text gbp-card__title gb-text-7732f039\">Protetyka stomatologiczna<\/h3>\n<\/div>\n<\/div>\n\n<div class=\"gb-loop-item gbp-card gb-loop-item-e8a55dfb post-36368 paslauga type-paslauga status-publish hentry\">\n<a class=\"gb-container-link gb-element-2d39e5c4\" href=\"https:\/\/elidenta.lt\/pl\/usluga\/implanty-stomatologiczne\/\"><\/a>\n\n\n\n<div class=\"gb-element-8261a246\">\n\n\n<h3 class=\"gb-text gbp-card__title gb-text-7732f039\">Implantacja<\/h3>\n<\/div>\n<\/div>\n\n<div class=\"gb-loop-item gbp-card gb-loop-item-e8a55dfb post-36487 paslauga type-paslauga status-publish hentry\">\n<a class=\"gb-container-link gb-element-2d39e5c4\" href=\"https:\/\/elidenta.lt\/pl\/usluga\/chirurgia-jamy-ustnej\/\"><\/a>\n\n\n\n<div class=\"gb-element-8261a246\">\n\n\n<h3 class=\"gb-text gbp-card__title gb-text-7732f039\">Chirurgia jamy ustnej<\/h3>\n<\/div>\n<\/div>\n\n<div class=\"gb-loop-item gbp-card gb-loop-item-e8a55dfb post-36484 paslauga type-paslauga status-publish hentry\">\n<a class=\"gb-container-link gb-element-2d39e5c4\" href=\"https:\/\/elidenta.lt\/pl\/usluga\/stomatologia-dziecieca\/\"><\/a>\n\n\n\n<div class=\"gb-element-8261a246\">\n\n\n<h3 class=\"gb-text gbp-card__title gb-text-7732f039\">Stomatologia dzieci\u0119ca<\/h3>\n<\/div>\n<\/div>\n\n<div class=\"gb-loop-item gbp-card gb-loop-item-e8a55dfb post-37787 paslauga type-paslauga status-publish hentry\">\n<a class=\"gb-container-link gb-element-2d39e5c4\" href=\"https:\/\/elidenta.lt\/pl\/usluga\/leczenie-przyzebia\/\"><\/a>\n\n\n\n<div class=\"gb-element-8261a246\">\n\n\n<h3 class=\"gb-text gbp-card__title gb-text-7732f039\">Leczenie przyz\u0119bia<\/h3>\n<\/div>\n<\/div>\n<\/div><\/div>\n\n<\/div>\n<\/div>","protected":false},"excerpt":{"rendered":"<p>Us\u0142ugi Nasz\u0105 misj\u0105 jest \u015bwiadczenie wysokiej jako\u015bci, profesjonalnych i spersonalizowanych us\u0142ug stomatologicznych dla ka\u017cdego pacjenta. Korzystamy z nowoczesnego sprz\u0119tu i najnowszych technologii leczenia, aby zapewni\u0107 zdrowie i pi\u0119kno z\u0119b\u00f3w.<\/p>","protected":false},"author":1,"featured_media":0,"parent":0,"menu_order":0,"comment_status":"closed","ping_status":"closed","template":"","meta":{"_acf_changed":false,"footnotes":""},"class_list":["post-36298","page","type-page","status-publish","hentry"],"blocksy_meta":{"vertical_spacing_source":"inherit","content_area_spacing":"bottom","styles_descriptor":{"styles":{"desktop":"","tablet":"","mobile":""},"google_fonts":[],"version":6},"has_hero_section":"disabled"},"acf":[],"yoast_head":"<!-- This site is optimized with the Yoast SEO plugin v27.4 - https:\/\/yoast.com\/product\/yoast-seo-wordpress\/ -->\n<title>Paslaugos - Elidenta<\/title>\n<meta name=\"robots\" content=\"index, follow, max-snippet:-1, max-image-preview:large, max-video-preview:-1\" \/>\n<link rel=\"canonical\" href=\"https:\/\/elidenta.lt\/pl\/uslugi\/\" \/>\n<meta property=\"og:locale\" content=\"pl_PL\" \/>\n<meta property=\"og:type\" content=\"article\" \/>\n<meta property=\"og:title\" content=\"Paslaugos - Elidenta\" \/>\n<meta property=\"og:description\" content=\"Paslaugos M\u016bs\u0173 misija \u2013 teikti kokybi\u0161kas, profesionalias ir individualiai pritaikytas odontologines paslaugas kiekvienam pacientui. Naudojame moderni\u0105 \u012frang\u0105 ir naujausias gydymo technologijas, kad u\u017etikrintume J\u016bs\u0173 dant\u0173 sveikat\u0105 ir gro\u017e\u012f.\" \/>\n<meta property=\"og:url\" content=\"https:\/\/elidenta.lt\/pl\/uslugi\/\" \/>\n<meta property=\"og:site_name\" content=\"Elidenta\" \/>\n<meta property=\"article:publisher\" content=\"https:\/\/www.facebook.com\/p\/Odontologijos-klinika-Elidenta-61558486250837\/\" \/>\n<meta property=\"article:modified_time\" content=\"2026-03-11T09:12:01+00:00\" \/>\n<meta name=\"twitter:card\" content=\"summary_large_image\" \/>\n<meta name=\"twitter:label1\" content=\"Szacowany czas czytania\" \/>\n\t<meta name=\"twitter:data1\" content=\"1 minuta\" \/>\n<script type=\"application\/ld+json\" class=\"yoast-schema-graph\">{\"@context\":\"https:\\\/\\\/schema.org\",\"@graph\":[{\"@type\":\"WebPage\",\"@id\":\"https:\\\/\\\/elidenta.lt\\\/paslaugos\\\/\",\"url\":\"https:\\\/\\\/elidenta.lt\\\/paslaugos\\\/\",\"name\":\"Paslaugos - Elidenta\",\"isPartOf\":{\"@id\":\"https:\\\/\\\/elidenta.lt\\\/#website\"},\"datePublished\":\"2024-03-15T08:55:20+00:00\",\"dateModified\":\"2026-03-11T09:12:01+00:00\",\"breadcrumb\":{\"@id\":\"https:\\\/\\\/elidenta.lt\\\/paslaugos\\\/#breadcrumb\"},\"inLanguage\":\"pl-PL\",\"potentialAction\":[{\"@type\":\"ReadAction\",\"target\":[\"https:\\\/\\\/elidenta.lt\\\/paslaugos\\\/\"]}]},{\"@type\":\"BreadcrumbList\",\"@id\":\"https:\\\/\\\/elidenta.lt\\\/paslaugos\\\/#breadcrumb\",\"itemListElement\":[{\"@type\":\"ListItem\",\"position\":1,\"name\":\"Home\",\"item\":\"https:\\\/\\\/elidenta.lt\\\/\"},{\"@type\":\"ListItem\",\"position\":2,\"name\":\"Paslaugos\"}]},{\"@type\":\"WebSite\",\"@id\":\"https:\\\/\\\/elidenta.lt\\\/#website\",\"url\":\"https:\\\/\\\/elidenta.lt\\\/\",\"name\":\"Elidenta\",\"description\":\"Odontologijos klinika\",\"publisher\":{\"@id\":\"https:\\\/\\\/elidenta.lt\\\/#organization\"},\"potentialAction\":[{\"@type\":\"SearchAction\",\"target\":{\"@type\":\"EntryPoint\",\"urlTemplate\":\"https:\\\/\\\/elidenta.lt\\\/?s={search_term_string}\"},\"query-input\":{\"@type\":\"PropertyValueSpecification\",\"valueRequired\":true,\"valueName\":\"search_term_string\"}}],\"inLanguage\":\"pl-PL\"},{\"@type\":\"Organization\",\"@id\":\"https:\\\/\\\/elidenta.lt\\\/#organization\",\"name\":\"Elidenta\",\"url\":\"https:\\\/\\\/elidenta.lt\\\/\",\"logo\":{\"@type\":\"ImageObject\",\"inLanguage\":\"pl-PL\",\"@id\":\"https:\\\/\\\/elidenta.lt\\\/#\\\/schema\\\/logo\\\/image\\\/\",\"url\":\"https:\\\/\\\/elidenta.lt\\\/wp-content\\\/uploads\\\/elidenta-logo-b.svg\",\"contentUrl\":\"https:\\\/\\\/elidenta.lt\\\/wp-content\\\/uploads\\\/elidenta-logo-b.svg\",\"width\":714,\"height\":150,\"caption\":\"Elidenta\"},\"image\":{\"@id\":\"https:\\\/\\\/elidenta.lt\\\/#\\\/schema\\\/logo\\\/image\\\/\"},\"sameAs\":[\"https:\\\/\\\/www.facebook.com\\\/p\\\/Odontologijos-klinika-Elidenta-61558486250837\\\/\",\"https:\\\/\\\/www.instagram.com\\\/elidenta_klinika\\\/\"]}]}<\/script>\n<!-- \/ Yoast SEO plugin. -->","yoast_head_json":{"title":"Us\u0142ugi - Elidenta","robots":{"index":"index","follow":"follow","max-snippet":"max-snippet:-1","max-image-preview":"max-image-preview:large","max-video-preview":"max-video-preview:-1"},"canonical":"https:\/\/elidenta.lt\/pl\/uslugi\/","og_locale":"pl_PL","og_type":"article","og_title":"Paslaugos - Elidenta","og_description":"Paslaugos M\u016bs\u0173 misija \u2013 teikti kokybi\u0161kas, profesionalias ir individualiai pritaikytas odontologines paslaugas kiekvienam pacientui. Naudojame moderni\u0105 \u012frang\u0105 ir naujausias gydymo technologijas, kad u\u017etikrintume J\u016bs\u0173 dant\u0173 sveikat\u0105 ir gro\u017e\u012f.","og_url":"https:\/\/elidenta.lt\/pl\/uslugi\/","og_site_name":"Elidenta","article_publisher":"https:\/\/www.facebook.com\/p\/Odontologijos-klinika-Elidenta-61558486250837\/","article_modified_time":"2026-03-11T09:12:01+00:00","twitter_card":"summary_large_image","twitter_misc":{"Szacowany czas czytania":"1 minuta"},"schema":{"@context":"https:\/\/schema.org","@graph":[{"@type":"WebPage","@id":"https:\/\/elidenta.lt\/paslaugos\/","url":"https:\/\/elidenta.lt\/paslaugos\/","name":"Us\u0142ugi - Elidenta","isPartOf":{"@id":"https:\/\/elidenta.lt\/#website"},"datePublished":"2024-03-15T08:55:20+00:00","dateModified":"2026-03-11T09:12:01+00:00","breadcrumb":{"@id":"https:\/\/elidenta.lt\/paslaugos\/#breadcrumb"},"inLanguage":"pl-PL","potentialAction":[{"@type":"ReadAction","target":["https:\/\/elidenta.lt\/paslaugos\/"]}]},{"@type":"BreadcrumbList","@id":"https:\/\/elidenta.lt\/paslaugos\/#breadcrumb","itemListElement":[{"@type":"ListItem","position":1,"name":"Home","item":"https:\/\/elidenta.lt\/"},{"@type":"ListItem","position":2,"name":"Paslaugos"}]},{"@type":"WebSite","@id":"https:\/\/elidenta.lt\/#website","url":"https:\/\/elidenta.lt\/","name":"Elidenta","description":"Odontologijos klinika","publisher":{"@id":"https:\/\/elidenta.lt\/#organization"},"potentialAction":[{"@type":"SearchAction","target":{"@type":"EntryPoint","urlTemplate":"https:\/\/elidenta.lt\/?s={search_term_string}"},"query-input":{"@type":"PropertyValueSpecification","valueRequired":true,"valueName":"search_term_string"}}],"inLanguage":"pl-PL"},{"@type":"Organization","@id":"https:\/\/elidenta.lt\/#organization","name":"Elidenta","url":"https:\/\/elidenta.lt\/","logo":{"@type":"ImageObject","inLanguage":"pl-PL","@id":"https:\/\/elidenta.lt\/#\/schema\/logo\/image\/","url":"https:\/\/elidenta.lt\/wp-content\/uploads\/elidenta-logo-b.svg","contentUrl":"https:\/\/elidenta.lt\/wp-content\/uploads\/elidenta-logo-b.svg","width":714,"height":150,"caption":"Elidenta"},"image":{"@id":"https:\/\/elidenta.lt\/#\/schema\/logo\/image\/"},"sameAs":["https:\/\/www.facebook.com\/p\/Odontologijos-klinika-Elidenta-61558486250837\/","https:\/\/www.instagram.com\/elidenta_klinika\/"]}]}},"_links":{"self":[{"href":"https:\/\/elidenta.lt\/pl\/wp-json\/wp\/v2\/pages\/36298","targetHints":{"allow":["GET"]}}],"collection":[{"href":"https:\/\/elidenta.lt\/pl\/wp-json\/wp\/v2\/pages"}],"about":[{"href":"https:\/\/elidenta.lt\/pl\/wp-json\/wp\/v2\/types\/page"}],"author":[{"embeddable":true,"href":"https:\/\/elidenta.lt\/pl\/wp-json\/wp\/v2\/users\/1"}],"replies":[{"embeddable":true,"href":"https:\/\/elidenta.lt\/pl\/wp-json\/wp\/v2\/comments?post=36298"}],"version-history":[{"count":8,"href":"https:\/\/elidenta.lt\/pl\/wp-json\/wp\/v2\/pages\/36298\/revisions"}],"predecessor-version":[{"id":39745,"href":"https:\/\/elidenta.lt\/pl\/wp-json\/wp\/v2\/pages\/36298\/revisions\/39745"}],"wp:attachment":[{"href":"https:\/\/elidenta.lt\/pl\/wp-json\/wp\/v2\/media?parent=36298"}],"curies":[{"name":"wp","href":"https:\/\/api.w.org\/{rel}","templated":true}]}}