{"id":36294,"date":"2024-03-15T10:55:01","date_gmt":"2024-03-15T08:55:01","guid":{"rendered":"https:\/\/elidenta.lt\/?page_id=36294"},"modified":"2026-03-17T10:37:52","modified_gmt":"2026-03-17T08:37:52","slug":"%d0%be-%d0%bd%d0%b0%d1%81","status":"publish","type":"page","link":"https:\/\/elidenta.lt\/ru\/%d0%be-%d0%bd%d0%b0%d1%81\/","title":{"rendered":"\u041e \u043d\u0430\u0441"},"content":{"rendered":"<div class=\"gb-container gb-container-cbec7494 alignfull gbp-section\">\n<div class=\"gb-container gb-container-868ec48d gbp-section__inner\">\n<div class=\"gb-container gb-container-ab3d904b\">\n\n<figure class=\"gb-block-image gb-block-image-52091f48\"><img loading=\"lazy\" decoding=\"async\" width=\"1920\" height=\"2560\" class=\"gb-image gb-image-52091f48\" src=\"https:\/\/elidenta.lt\/wp-content\/uploads\/2024\/08\/DSC01175-copy-scaled.jpg\" alt=\"\" title=\"DSC01175 \u043a\u043e\u043f\u0438\u044f\" srcset=\"https:\/\/elidenta.lt\/wp-content\/uploads\/2024\/08\/DSC01175-copy-scaled.jpg 1920w, https:\/\/elidenta.lt\/wp-content\/uploads\/2024\/08\/DSC01175-copy-225x300.jpg 225w, https:\/\/elidenta.lt\/wp-content\/uploads\/2024\/08\/DSC01175-copy-768x1024.jpg 768w, https:\/\/elidenta.lt\/wp-content\/uploads\/2024\/08\/DSC01175-copy-1152x1536.jpg 1152w, https:\/\/elidenta.lt\/wp-content\/uploads\/2024\/08\/DSC01175-copy-1536x2048.jpg 1536w, https:\/\/elidenta.lt\/wp-content\/uploads\/2024\/08\/DSC01175-copy-9x12.jpg 9w\" sizes=\"auto, (max-width: 1920px) 100vw, 1920px\" \/><\/figure>\n\n\n<div class=\"gb-container gb-container-d2c0d295 card-meta\">\n\n<h4 class=\"gb-headline gb-headline-c5065559 gb-headline-text\">\u0411\u0435\u0430\u0442\u0430 \u041c\u0438\u0446\u0435\u0439\u043a\u0435\u043d\u0435<\/h4>\n\n\n\n<p class=\"gb-headline gb-headline-ecabfa5b gb-headline-text\">\u0421\u0442\u043e\u043c\u0430\u0442\u043e\u043b\u043e\u0433<\/p>\n\n<\/div>\n\n<div class=\"gb-container gb-container-0d7e8dec play-button\" data-gb-overlay=\"gb-overlay-39752\">\n\n<div class=\"gb-headline gb-headline-ac03c08f play-button__icon\"><span class=\"gb-icon\"><svg viewbox=\"0 0 448 512\" xmlns=\"http:\/\/www.w3.org\/2000\/svg\"><path d=\"M424.4 214.7L72.4 6.6C43.8-10.3 0 6.1 0 47.9V464c0 37.5 40.7 60.1 72.4 41.3l352-208c31.4-18.5 31.5-64.1 0-82.6z\"><\/path><\/svg><\/span><\/div>\n\n<\/div>\n<\/div>\n\n<div class=\"gb-container gb-container-5756f4df\">\n\n<p>\u041c\u044b \u2014 \u0441\u0442\u043e\u043c\u0430\u0442\u043e\u043b\u043e\u0433\u0438\u0447\u0435\u0441\u043a\u0430\u044f \u043a\u043b\u0438\u043d\u0438\u043a\u0430 \u00ab\u042d\u043b\u0438\u0434\u0435\u043d\u0442\u0430\u00bb, \u0438 \u043c\u044b \u0437\u0430\u0431\u043e\u0442\u0438\u043c\u0441\u044f \u043d\u0435 \u0442\u043e\u043b\u044c\u043a\u043e \u043e \u0432\u0430\u0448\u0435\u0439 \u0443\u043b\u044b\u0431\u043a\u0435, \u043d\u043e \u0438 \u043e \u0432\u0430\u0448\u0435\u043c \u0441\u0430\u043c\u043e\u0447\u0443\u0432\u0441\u0442\u0432\u0438\u0438. \u041c\u044b \u0441\u0442\u0440\u0435\u043c\u0438\u043c\u0441\u044f \u043f\u0440\u0435\u0434\u043e\u0441\u0442\u0430\u0432\u043b\u044f\u0442\u044c \u043a\u0430\u0436\u0434\u043e\u043c\u0443 \u043f\u0430\u0446\u0438\u0435\u043d\u0442\u0443 \u043d\u0430\u0448\u0435\u0439 \u043a\u043b\u0438\u043d\u0438\u043a\u0438 \u0443\u0441\u043b\u0443\u0433\u0438 \u0432\u044b\u0441\u043e\u0447\u0430\u0439\u0448\u0435\u0433\u043e \u0443\u0440\u043e\u0432\u043d\u044f \u2014 \u043e\u0442 \u043f\u0440\u043e\u0444\u0438\u043b\u0430\u043a\u0442\u0438\u0447\u0435\u0441\u043a\u0438\u0445 \u043e\u0441\u043c\u043e\u0442\u0440\u043e\u0432 \u0438 \u0433\u0438\u0433\u0438\u0435\u043d\u044b \u043f\u043e\u043b\u043e\u0441\u0442\u0438 \u0440\u0442\u0430 \u0434\u043e \u0431\u043e\u043b\u0435\u0435 \u0441\u043b\u043e\u0436\u043d\u044b\u0445 \u0441\u0442\u043e\u043c\u0430\u0442\u043e\u043b\u043e\u0433\u0438\u0447\u0435\u0441\u043a\u0438\u0445 \u043f\u0440\u043e\u0446\u0435\u0434\u0443\u0440, \u0433\u0434\u0435 \u0434\u043e\u0432\u0435\u0440\u0438\u0435 \u043a \u0441\u043f\u0435\u0446\u0438\u0430\u043b\u0438\u0441\u0442\u0443 \u0438\u043c\u0435\u0435\u0442 \u043f\u0435\u0440\u0432\u043e\u0441\u0442\u0435\u043f\u0435\u043d\u043d\u043e\u0435 \u0437\u043d\u0430\u0447\u0435\u043d\u0438\u0435.<\/p>\n\n\n\n<p>\u041d\u0430\u043c \u0432\u0430\u0436\u043d\u044b \u043b\u0438\u0447\u043d\u044b\u0435 \u0438 \u043d\u0435\u043f\u043e\u0441\u0440\u0435\u0434\u0441\u0442\u0432\u0435\u043d\u043d\u044b\u0435 \u043e\u0442\u043d\u043e\u0448\u0435\u043d\u0438\u044f \u043c\u0435\u0436\u0434\u0443 \u0432\u0440\u0430\u0447\u043e\u043c \u0438 \u043f\u0430\u0446\u0438\u0435\u043d\u0442\u043e\u043c, \u043f\u043e\u044d\u0442\u043e\u043c\u0443 \u043c\u044b \u0441\u043c\u043e\u0442\u0440\u0438\u043c \u043d\u0430 \u043d\u0430\u0448\u0438\u0445 \u043a\u043b\u0438\u0435\u043d\u0442\u043e\u0432 \u0441 \u0437\u0430\u0431\u043e\u0442\u043e\u0439 \u0438 \u0438\u0441\u043a\u0440\u0435\u043d\u043d\u0438\u043c \u0436\u0435\u043b\u0430\u043d\u0438\u0435\u043c \u043f\u043e\u043c\u043e\u0447\u044c \u0438\u043c. \u0412\u043c\u0435\u0441\u0442\u0435 \u043c\u044b \u0441\u043e\u0437\u0434\u0430\u0435\u043c \u043f\u043b\u0430\u043d \u043b\u0435\u0447\u0435\u043d\u0438\u044f, \u043a\u043e\u0442\u043e\u0440\u044b\u0439 \u0443\u0447\u0438\u0442\u044b\u0432\u0430\u0435\u0442 \u0438 \u0430\u0434\u0430\u043f\u0442\u0438\u0440\u0443\u0435\u0442\u0441\u044f \u043a \u043f\u043e\u0442\u0440\u0435\u0431\u043d\u043e\u0441\u0442\u044f\u043c, \u0436\u0438\u0437\u043d\u0435\u043d\u043d\u044b\u043c \u043e\u0431\u0441\u0442\u043e\u044f\u0442\u0435\u043b\u044c\u0441\u0442\u0432\u0430\u043c \u0438 \u043f\u043e\u0436\u0435\u043b\u0430\u043d\u0438\u044f\u043c \u043f\u0430\u0446\u0438\u0435\u043d\u0442\u0430. \u041c\u044b \u0432\u0435\u0440\u0438\u043c, \u0447\u0442\u043e \u0438\u0441\u043a\u0440\u0435\u043d\u043d\u0435\u0435 \u043e\u0431\u0449\u0435\u043d\u0438\u0435 \u0442\u0432\u043e\u0440\u0438\u0442 \u0447\u0443\u0434\u0435\u0441\u0430.<\/p>\n\n\n\n<p>\u0412 \u043d\u0430\u0448\u0435\u0439 \u043a\u043b\u0438\u043d\u0438\u043a\u0435 \u043c\u044b \u043f\u0440\u0435\u0434\u043b\u0430\u0433\u0430\u0435\u043c \u0448\u0438\u0440\u043e\u043a\u0438\u0439 \u0441\u043f\u0435\u043a\u0442\u0440 \u0441\u0442\u043e\u043c\u0430\u0442\u043e\u043b\u043e\u0433\u0438\u0447\u0435\u0441\u043a\u0438\u0445 \u0443\u0441\u043b\u0443\u0433, \u0440\u0430\u0431\u043e\u0442\u0430\u0435\u043c \u043d\u0430 \u0441\u0430\u043c\u043e\u043c \u0441\u043e\u0432\u0440\u0435\u043c\u0435\u043d\u043d\u043e\u043c \u043e\u0431\u043e\u0440\u0443\u0434\u043e\u0432\u0430\u043d\u0438\u0438, \u0430 \u043d\u0430\u0448\u0430 \u0438\u0441\u043a\u0440\u0435\u043d\u043d\u044f\u044f \u0440\u0430\u0431\u043e\u0442\u0430 \u0440\u0430\u0441\u043f\u043e\u043b\u0430\u0433\u0430\u0435\u0442 \u043a \u0442\u043e\u043c\u0443, \u0447\u0442\u043e\u0431\u044b \u043f\u0430\u0446\u0438\u0435\u043d\u0442\u044b \u0432\u0438\u0434\u0435\u043b\u0438 \u0441\u0435\u0431\u044f \u0432 \u043a\u0440\u0435\u0441\u043b\u0435 \u0441\u0442\u043e\u043c\u0430\u0442\u043e\u043b\u043e\u0433\u0430 \u0441 \u0443\u043b\u044b\u0431\u043a\u043e\u0439, \u0430 \u043d\u0435 \u0441\u043e \u0441\u0442\u0440\u0430\u0445\u043e\u043c.<\/p>\n\n\n\n<p>\u041c\u044b \u0441 \u043d\u0435\u0442\u0435\u0440\u043f\u0435\u043d\u0438\u0435\u043c \u0436\u0434\u0435\u043c \u0432\u0430\u0448\u0435\u0433\u043e \u0432\u0438\u0437\u0438\u0442\u0430,<\/p>\n\n\n\n<figure class=\"gb-block-image gb-block-image-a0459100\"><img loading=\"lazy\" decoding=\"async\" width=\"397\" height=\"472\" class=\"gb-image gb-image-a0459100\" src=\"https:\/\/elidenta.lt\/wp-content\/uploads\/2024\/05\/parasas-beata.png\" alt=\"\" title=\"\u043f\u0430\u0440\u0430-\u0431\u0435\u0430\u0442\u0430\" srcset=\"https:\/\/elidenta.lt\/wp-content\/uploads\/2024\/05\/parasas-beata.png 397w, https:\/\/elidenta.lt\/wp-content\/uploads\/2024\/05\/parasas-beata-252x300.png 252w, https:\/\/elidenta.lt\/wp-content\/uploads\/2024\/05\/parasas-beata-10x12.png 10w\" sizes=\"auto, (max-width: 397px) 100vw, 397px\" \/><\/figure>\n\n<\/div>\n<\/div>\n<\/div>","protected":false},"excerpt":{"rendered":"<p>Beata Miceikien\u0117 Gydytoja odontolog\u0117 Esame odontologijos klinika \u201eElidenta\u201c, mums r\u016bpi ne tik j\u016bs\u0173 \u0161ypsena, bet ir tai, kaip j\u016bs jau\u010diat\u0117s \u0161iandien. Kiekvienam m\u016bs\u0173 klinikos pacientui siekiame suteikti auk\u0161\u010diausio lygio paslaugas \u2013 nuo profilaktinio patikrinimo ar burnos higienos iki sud\u0117tingesni\u0173 odontologini\u0173 proced\u016br\u0173, kur pasitik\u0117jimas specialistu tampa itin svarbus. Mums r\u016bpi asmeni\u0161kas ir betarpi\u0161kas ry\u0161ys tarp gydytojo [&hellip;]<\/p>\n","protected":false},"author":1,"featured_media":0,"parent":0,"menu_order":0,"comment_status":"closed","ping_status":"closed","template":"","meta":{"_acf_changed":false,"footnotes":""},"class_list":["post-36294","page","type-page","status-publish","hentry"],"blocksy_meta":{"vertical_spacing_source":"inherit","content_area_spacing":"none","styles_descriptor":{"styles":{"desktop":"","tablet":"","mobile":""},"google_fonts":[],"version":6},"has_hero_section":"default"},"acf":[],"yoast_head":"<!-- This site is optimized with the Yoast SEO plugin v27.3 - https:\/\/yoast.com\/product\/yoast-seo-wordpress\/ -->\n<title>Apie mus - Elidenta<\/title>\n<meta name=\"robots\" content=\"index, follow, max-snippet:-1, max-image-preview:large, max-video-preview:-1\" \/>\n<link rel=\"canonical\" href=\"https:\/\/elidenta.lt\/ru\/\u043e-\u043d\u0430\u0441\/\" \/>\n<meta property=\"og:locale\" content=\"ru_RU\" \/>\n<meta property=\"og:type\" content=\"article\" \/>\n<meta property=\"og:title\" content=\"Apie mus - Elidenta\" \/>\n<meta property=\"og:description\" content=\"Beata Miceikien\u0117 Gydytoja odontolog\u0117 Esame odontologijos klinika \u201eElidenta\u201c, mums r\u016bpi ne tik j\u016bs\u0173 \u0161ypsena, bet ir tai, kaip j\u016bs jau\u010diat\u0117s \u0161iandien. Kiekvienam m\u016bs\u0173 klinikos pacientui siekiame suteikti auk\u0161\u010diausio lygio paslaugas \u2013 nuo profilaktinio patikrinimo ar burnos higienos iki sud\u0117tingesni\u0173 odontologini\u0173 proced\u016br\u0173, kur pasitik\u0117jimas specialistu tampa itin svarbus. Mums r\u016bpi asmeni\u0161kas ir betarpi\u0161kas ry\u0161ys tarp gydytojo [&hellip;]\" \/>\n<meta property=\"og:url\" content=\"https:\/\/elidenta.lt\/ru\/\u043e-\u043d\u0430\u0441\/\" \/>\n<meta property=\"og:site_name\" content=\"Elidenta\" \/>\n<meta property=\"article:publisher\" content=\"https:\/\/www.facebook.com\/p\/Odontologijos-klinika-Elidenta-61558486250837\/\" \/>\n<meta property=\"article:modified_time\" content=\"2026-03-17T08:37:52+00:00\" \/>\n<meta property=\"og:image\" content=\"https:\/\/elidenta.lt\/wp-content\/uploads\/2024\/08\/DSC01175-copy-scaled.jpg\" \/>\n<meta name=\"twitter:card\" content=\"summary_large_image\" \/>\n<meta name=\"twitter:label1\" content=\"\u041f\u0440\u0438\u043c\u0435\u0440\u043d\u043e\u0435 \u0432\u0440\u0435\u043c\u044f \u0434\u043b\u044f \u0447\u0442\u0435\u043d\u0438\u044f\" \/>\n\t<meta name=\"twitter:data1\" content=\"2 \u043c\u0438\u043d\u0443\u0442\u044b\" \/>\n<script type=\"application\/ld+json\" class=\"yoast-schema-graph\">{\"@context\":\"https:\\\/\\\/schema.org\",\"@graph\":[{\"@type\":\"WebPage\",\"@id\":\"https:\\\/\\\/elidenta.lt\\\/apie-mus\\\/\",\"url\":\"https:\\\/\\\/elidenta.lt\\\/apie-mus\\\/\",\"name\":\"Apie mus - Elidenta\",\"isPartOf\":{\"@id\":\"https:\\\/\\\/elidenta.lt\\\/#website\"},\"primaryImageOfPage\":{\"@id\":\"https:\\\/\\\/elidenta.lt\\\/apie-mus\\\/#primaryimage\"},\"image\":{\"@id\":\"https:\\\/\\\/elidenta.lt\\\/apie-mus\\\/#primaryimage\"},\"thumbnailUrl\":\"https:\\\/\\\/elidenta.lt\\\/wp-content\\\/uploads\\\/2024\\\/08\\\/DSC01175-copy-scaled.jpg\",\"datePublished\":\"2024-03-15T08:55:01+00:00\",\"dateModified\":\"2026-03-17T08:37:52+00:00\",\"breadcrumb\":{\"@id\":\"https:\\\/\\\/elidenta.lt\\\/apie-mus\\\/#breadcrumb\"},\"inLanguage\":\"ru-RU\",\"potentialAction\":[{\"@type\":\"ReadAction\",\"target\":[\"https:\\\/\\\/elidenta.lt\\\/apie-mus\\\/\"]}]},{\"@type\":\"ImageObject\",\"inLanguage\":\"ru-RU\",\"@id\":\"https:\\\/\\\/elidenta.lt\\\/apie-mus\\\/#primaryimage\",\"url\":\"https:\\\/\\\/elidenta.lt\\\/wp-content\\\/uploads\\\/2024\\\/08\\\/DSC01175-copy-scaled.jpg\",\"contentUrl\":\"https:\\\/\\\/elidenta.lt\\\/wp-content\\\/uploads\\\/2024\\\/08\\\/DSC01175-copy-scaled.jpg\"},{\"@type\":\"BreadcrumbList\",\"@id\":\"https:\\\/\\\/elidenta.lt\\\/apie-mus\\\/#breadcrumb\",\"itemListElement\":[{\"@type\":\"ListItem\",\"position\":1,\"name\":\"Home\",\"item\":\"https:\\\/\\\/elidenta.lt\\\/\"},{\"@type\":\"ListItem\",\"position\":2,\"name\":\"Apie mus\"}]},{\"@type\":\"WebSite\",\"@id\":\"https:\\\/\\\/elidenta.lt\\\/#website\",\"url\":\"https:\\\/\\\/elidenta.lt\\\/\",\"name\":\"Elidenta\",\"description\":\"Odontologijos klinika\",\"publisher\":{\"@id\":\"https:\\\/\\\/elidenta.lt\\\/#organization\"},\"potentialAction\":[{\"@type\":\"SearchAction\",\"target\":{\"@type\":\"EntryPoint\",\"urlTemplate\":\"https:\\\/\\\/elidenta.lt\\\/?s={search_term_string}\"},\"query-input\":{\"@type\":\"PropertyValueSpecification\",\"valueRequired\":true,\"valueName\":\"search_term_string\"}}],\"inLanguage\":\"ru-RU\"},{\"@type\":\"Organization\",\"@id\":\"https:\\\/\\\/elidenta.lt\\\/#organization\",\"name\":\"Elidenta\",\"url\":\"https:\\\/\\\/elidenta.lt\\\/\",\"logo\":{\"@type\":\"ImageObject\",\"inLanguage\":\"ru-RU\",\"@id\":\"https:\\\/\\\/elidenta.lt\\\/#\\\/schema\\\/logo\\\/image\\\/\",\"url\":\"https:\\\/\\\/elidenta.lt\\\/wp-content\\\/uploads\\\/elidenta-logo-b.svg\",\"contentUrl\":\"https:\\\/\\\/elidenta.lt\\\/wp-content\\\/uploads\\\/elidenta-logo-b.svg\",\"width\":714,\"height\":150,\"caption\":\"Elidenta\"},\"image\":{\"@id\":\"https:\\\/\\\/elidenta.lt\\\/#\\\/schema\\\/logo\\\/image\\\/\"},\"sameAs\":[\"https:\\\/\\\/www.facebook.com\\\/p\\\/Odontologijos-klinika-Elidenta-61558486250837\\\/\",\"https:\\\/\\\/www.instagram.com\\\/elidenta_klinika\\\/\"]}]}<\/script>\n<!-- \/ Yoast SEO plugin. -->","yoast_head_json":{"title":"\u041e \u043d\u0430\u0441 - Elidenta","robots":{"index":"index","follow":"follow","max-snippet":"max-snippet:-1","max-image-preview":"max-image-preview:large","max-video-preview":"max-video-preview:-1"},"canonical":"https:\/\/elidenta.lt\/ru\/\u043e-\u043d\u0430\u0441\/","og_locale":"ru_RU","og_type":"article","og_title":"Apie mus - Elidenta","og_description":"Beata Miceikien\u0117 Gydytoja odontolog\u0117 Esame odontologijos klinika \u201eElidenta\u201c, mums r\u016bpi ne tik j\u016bs\u0173 \u0161ypsena, bet ir tai, kaip j\u016bs jau\u010diat\u0117s \u0161iandien. Kiekvienam m\u016bs\u0173 klinikos pacientui siekiame suteikti auk\u0161\u010diausio lygio paslaugas \u2013 nuo profilaktinio patikrinimo ar burnos higienos iki sud\u0117tingesni\u0173 odontologini\u0173 proced\u016br\u0173, kur pasitik\u0117jimas specialistu tampa itin svarbus. Mums r\u016bpi asmeni\u0161kas ir betarpi\u0161kas ry\u0161ys tarp gydytojo [&hellip;]","og_url":"https:\/\/elidenta.lt\/ru\/\u043e-\u043d\u0430\u0441\/","og_site_name":"Elidenta","article_publisher":"https:\/\/www.facebook.com\/p\/Odontologijos-klinika-Elidenta-61558486250837\/","article_modified_time":"2026-03-17T08:37:52+00:00","og_image":[{"url":"https:\/\/elidenta.lt\/wp-content\/uploads\/2024\/08\/DSC01175-copy-scaled.jpg","type":"","width":"","height":""}],"twitter_card":"summary_large_image","twitter_misc":{"\u041f\u0440\u0438\u043c\u0435\u0440\u043d\u043e\u0435 \u0432\u0440\u0435\u043c\u044f \u0434\u043b\u044f \u0447\u0442\u0435\u043d\u0438\u044f":"2 \u043c\u0438\u043d\u0443\u0442\u044b"},"schema":{"@context":"https:\/\/schema.org","@graph":[{"@type":"WebPage","@id":"https:\/\/elidenta.lt\/apie-mus\/","url":"https:\/\/elidenta.lt\/apie-mus\/","name":"\u041e \u043d\u0430\u0441 - Elidenta","isPartOf":{"@id":"https:\/\/elidenta.lt\/#website"},"primaryImageOfPage":{"@id":"https:\/\/elidenta.lt\/apie-mus\/#primaryimage"},"image":{"@id":"https:\/\/elidenta.lt\/apie-mus\/#primaryimage"},"thumbnailUrl":"https:\/\/elidenta.lt\/wp-content\/uploads\/2024\/08\/DSC01175-copy-scaled.jpg","datePublished":"2024-03-15T08:55:01+00:00","dateModified":"2026-03-17T08:37:52+00:00","breadcrumb":{"@id":"https:\/\/elidenta.lt\/apie-mus\/#breadcrumb"},"inLanguage":"ru-RU","potentialAction":[{"@type":"ReadAction","target":["https:\/\/elidenta.lt\/apie-mus\/"]}]},{"@type":"ImageObject","inLanguage":"ru-RU","@id":"https:\/\/elidenta.lt\/apie-mus\/#primaryimage","url":"https:\/\/elidenta.lt\/wp-content\/uploads\/2024\/08\/DSC01175-copy-scaled.jpg","contentUrl":"https:\/\/elidenta.lt\/wp-content\/uploads\/2024\/08\/DSC01175-copy-scaled.jpg"},{"@type":"BreadcrumbList","@id":"https:\/\/elidenta.lt\/apie-mus\/#breadcrumb","itemListElement":[{"@type":"ListItem","position":1,"name":"Home","item":"https:\/\/elidenta.lt\/"},{"@type":"ListItem","position":2,"name":"Apie mus"}]},{"@type":"WebSite","@id":"https:\/\/elidenta.lt\/#website","url":"https:\/\/elidenta.lt\/","name":"\u042d\u043b\u0438\u0434\u0435\u043d\u0442\u0430","description":"Odontologijos klinika","publisher":{"@id":"https:\/\/elidenta.lt\/#organization"},"potentialAction":[{"@type":"SearchAction","target":{"@type":"EntryPoint","urlTemplate":"https:\/\/elidenta.lt\/?s={search_term_string}"},"query-input":{"@type":"PropertyValueSpecification","valueRequired":true,"valueName":"search_term_string"}}],"inLanguage":"ru-RU"},{"@type":"Organization","@id":"https:\/\/elidenta.lt\/#organization","name":"\u042d\u043b\u0438\u0434\u0435\u043d\u0442\u0430","url":"https:\/\/elidenta.lt\/","logo":{"@type":"ImageObject","inLanguage":"ru-RU","@id":"https:\/\/elidenta.lt\/#\/schema\/logo\/image\/","url":"https:\/\/elidenta.lt\/wp-content\/uploads\/elidenta-logo-b.svg","contentUrl":"https:\/\/elidenta.lt\/wp-content\/uploads\/elidenta-logo-b.svg","width":714,"height":150,"caption":"Elidenta"},"image":{"@id":"https:\/\/elidenta.lt\/#\/schema\/logo\/image\/"},"sameAs":["https:\/\/www.facebook.com\/p\/Odontologijos-klinika-Elidenta-61558486250837\/","https:\/\/www.instagram.com\/elidenta_klinika\/"]}]}},"_links":{"self":[{"href":"https:\/\/elidenta.lt\/ru\/wp-json\/wp\/v2\/pages\/36294","targetHints":{"allow":["GET"]}}],"collection":[{"href":"https:\/\/elidenta.lt\/ru\/wp-json\/wp\/v2\/pages"}],"about":[{"href":"https:\/\/elidenta.lt\/ru\/wp-json\/wp\/v2\/types\/page"}],"author":[{"embeddable":true,"href":"https:\/\/elidenta.lt\/ru\/wp-json\/wp\/v2\/users\/1"}],"replies":[{"embeddable":true,"href":"https:\/\/elidenta.lt\/ru\/wp-json\/wp\/v2\/comments?post=36294"}],"version-history":[{"count":21,"href":"https:\/\/elidenta.lt\/ru\/wp-json\/wp\/v2\/pages\/36294\/revisions"}],"predecessor-version":[{"id":39888,"href":"https:\/\/elidenta.lt\/ru\/wp-json\/wp\/v2\/pages\/36294\/revisions\/39888"}],"wp:attachment":[{"href":"https:\/\/elidenta.lt\/ru\/wp-json\/wp\/v2\/media?parent=36294"}],"curies":[{"name":"wp","href":"https:\/\/api.w.org\/{rel}","templated":true}]}}