{"id":38374,"date":"2024-07-16T14:26:02","date_gmt":"2024-07-16T11:26:02","guid":{"rendered":"https:\/\/elidenta.lt\/?page_id=38374"},"modified":"2026-03-12T13:29:59","modified_gmt":"2026-03-12T11:29:59","slug":"%d1%80%d0%b5%d0%b3%d0%b8%d1%81%d1%82%d1%80%d0%b0%d1%86%d0%b8%d1%8f","status":"publish","type":"page","link":"https:\/\/elidenta.lt\/ru\/%d1%80%d0%b5%d0%b3%d0%b8%d1%81%d1%82%d1%80%d0%b0%d1%86%d0%b8%d1%8f\/","title":{"rendered":"\u0420\u0435\u0433\u0438\u0441\u0442\u0440\u0430\u0446\u0438\u044f"},"content":{"rendered":"<div class=\"gb-container gb-container-eee1257c alignfull gbp-section\">\n<div class=\"gb-container gb-container-aea79c2a gbp-section__inner\">\n<div class=\"gb-container gb-container-0f1f4f9b\">\n\n<div class=\"gb-headline gb-headline-1544803b gb-headline-text gbp-section__text\">\u0414\u0430\u0432\u0430\u0439\u0442\u0435 \u043f\u043e\u0433\u043e\u0432\u043e\u0440\u0438\u043c \u0441\u0435\u0433\u043e\u0434\u043d\u044f \u0438 \u0441\u043f\u043b\u0430\u043d\u0438\u0440\u0443\u0435\u043c \u0432\u0430\u0448 \u0432\u0438\u0437\u0438\u0442 \u0432 \u043d\u0430\u0448\u0443 \u043a\u043b\u0438\u043d\u0438\u043a\u0443. \u041c\u044b \u0434\u043e\u0433\u043e\u0432\u043e\u0440\u0438\u043c\u0441\u044f \u043e\u0431 \u0443\u0434\u043e\u0431\u043d\u043e\u043c \u0432\u0440\u0435\u043c\u0435\u043d\u0438, \u0441\u043e\u0441\u0442\u0430\u0432\u0438\u043c \u043f\u043e\u0434\u0440\u043e\u0431\u043d\u044b\u0439 \u0438 \u0447\u0435\u0442\u043a\u0438\u0439 \u043f\u043b\u0430\u043d \u043b\u0435\u0447\u0435\u043d\u0438\u044f \u0438 \u0432\u043c\u0435\u0441\u0442\u0435 \u0431\u0443\u0434\u0435\u043c \u0441\u0442\u0440\u0435\u043c\u0438\u0442\u044c\u0441\u044f \u043a \u0432\u0430\u0448\u0435\u0439 \u0438\u0434\u0435\u0430\u043b\u044c\u043d\u043e\u0439 \u0443\u043b\u044b\u0431\u043a\u0435.<\/div>\n\n<\/div>\n<\/div>\n\n<div class=\"gb-container gb-container-23692f03 gbp-section__inner\">\n<div class=\"gb-container gb-container-ac85ca53\">\n<div class=\"gb-container gb-container-5afd0475\">\n\n<div class=\"gb-headline gb-headline-775721eb\"><span class=\"gb-icon\"><svg xmlns=\"http:\/\/www.w3.org\/2000\/svg\" fill=\"none\" viewbox=\"0 0 35 40\" height=\"40\" width=\"35\"> <path fill=\"#B69D78\" d=\"M31.25 5H27.5V0.625C27.5 0.28125 27.2188 0 26.875 0H25.625C25.2812 0 25 0.28125 25 0.625V5H10V0.625C10 0.28125 9.71875 0 9.375 0H8.125C7.78125 0 7.5 0.28125 7.5 0.625V5H3.75C1.67969 5 0 6.67969 0 8.75V36.25C0 38.3203 1.67969 40 3.75 40H31.25C33.3203 40 35 38.3203 35 36.25V8.75C35 6.67969 33.3203 5 31.25 5ZM32.5 36.25C32.5 36.9375 31.9375 37.5 31.25 37.5H3.75C3.0625 37.5 2.5 36.9375 2.5 36.25V15H32.5V36.25ZM32.5 12.5H2.5V8.75C2.5 8.0625 3.0625 7.5 3.75 7.5H31.25C31.9375 7.5 32.5 8.0625 32.5 8.75V12.5ZM8.75 30H16.25C16.9375 30 17.5 29.4375 17.5 28.75V21.25C17.5 20.5625 16.9375 20 16.25 20H8.75C8.0625 20 7.5 20.5625 7.5 21.25V28.75C7.5 29.4375 8.0625 30 8.75 30ZM10 22.5H15V27.5H10V22.5Z\"><\/path> <\/svg><\/span><\/div>\n\n\n<div class=\"gb-container gb-container-97beecc5\">\n\n<h3 class=\"gb-headline gb-headline-126576ba gb-headline-text\">\u041f\u0440\u0438\u0435\u043c\u043d\u0430\u044f<\/h3>\n\n\n\n<p class=\"gb-headline gb-headline-5249d64d gb-headline-text\"><a href=\"\/ru\/\u0442\u0435\u043b:+370 652 43339\/\">+370 652 43339<\/a><\/p>\n\n\n\n<p class=\"gb-headline gb-headline-c3bb0740 gb-headline-text\"><a href=\"mailto:elidentavilnius@gmail.com\">elidentavilnius@gmail.com<\/a><\/p>\n\n<\/div>\n<\/div>\n<\/div>\n\n<div class=\"gb-container gb-container-5739fabd\">\n<div class=\"gb-container gb-container-20b19ff2\">\n\n<div class=\"gb-headline gb-headline-b5be6f10\"><span class=\"gb-icon\"><svg xmlns=\"http:\/\/www.w3.org\/2000\/svg\" fill=\"none\" viewbox=\"0 0 40 40\" height=\"40\" width=\"40\"> <path fill=\"#B69D78\" d=\"M20 0C8.95161 0 0 8.95161 0 20C0 31.0484 8.95161 40 20 40C31.0484 40 40 31.0484 40 20C40 8.95161 31.0484 0 20 0ZM37.4194 20C37.4194 29.5726 29.6694 37.4194 20 37.4194C10.4274 37.4194 2.58065 29.6694 2.58065 20C2.58065 10.4274 10.3306 2.58065 20 2.58065C29.5726 2.58065 37.4194 10.3306 37.4194 20ZM25.4113 27.121L18.8629 22.3629C18.6129 22.1774 18.4677 21.8871 18.4677 21.5806V8.70968C18.4677 8.17742 18.9032 7.74194 19.4355 7.74194H20.5645C21.0968 7.74194 21.5323 8.17742 21.5323 8.70968V20.5081L27.2177 24.6452C27.6532 24.9597 27.7419 25.5645 27.4274 26L26.7661 26.9113C26.4516 27.3387 25.8468 27.4355 25.4113 27.121Z\"><\/path> <\/svg><\/span><\/div>\n\n\n<div class=\"gb-container gb-container-5905fb7c\">\n\n<h3 class=\"gb-headline gb-headline-41329c2c gb-headline-text\">\u0427\u0430\u0441\u044b \u0440\u0430\u0431\u043e\u0442\u044b<\/h3>\n\n\n\n<p class=\"gb-headline gb-headline-6e77434b gb-headline-text\">I-V 9:00-19:00<\/p>\n\n\n\n<p class=\"gb-headline gb-headline-fb819d29 gb-headline-text\">VI \u0440\u0430\u0431\u043e\u0442\u0430 \u043f\u043e \u0441\u043e\u0433\u043b\u0430\u0448\u0435\u043d\u0438\u044e<\/p>\n\n\n\n<p class=\"gb-headline gb-headline-00b9469d gb-headline-text\">VII \u0437\u0430\u043a\u0440\u044b\u0442<\/p>\n\n<\/div>\n<\/div>\n<\/div>\n<\/div>\n\n<div class=\"gb-container gb-container-5fda3cf2 gbp-section__inner\">\n<div class=\"gb-container gb-container-3e18bbe5\">\n\n<h2 class=\"wp-block-heading\">\u042d\u043b\u0438\u0434\u0435\u043d\u0442\u0430 \u041a\u043b\u0438\u043d\u0438\u043a\u0430 \u043f\u0440\u043e\u0442\u0435\u0437\u0438\u0440\u043e\u0432\u0430\u043d\u0438\u044f \u0438 \u0438\u043c\u043f\u043b\u0430\u043d\u0442\u043e\u043b\u043e\u0433\u0438\u0438 \u0443\u043b. \u0412\u0435\u0440\u043a\u044e, 39 \u0412\u0438\u043b\u044c\u043d\u044e\u0441<\/h2>\n\n\n<div class=\"gb-container gb-container-eda7918d\">\n<div class=\"gb-grid-wrapper gb-grid-wrapper-88eb9e13\">\n<div class=\"gb-grid-column gb-grid-column-86b1a48f\"><div class=\"gb-container gb-container-86b1a48f\">\n\n<div mydoc-widget mydoc-doctor=\"16467\" mydoc-clinic=\"2827\"><\/div>\n\n<\/div><\/div>\n\n<div class=\"gb-grid-column gb-grid-column-e4b65ef3\"><div class=\"gb-container gb-container-e4b65ef3\">\n\n<div mydoc-widget mydoc-doctor=\"14089\" mydoc-clinic=\"2827\"><\/div>\n\n<\/div><\/div>\n\n<div class=\"gb-grid-column gb-grid-column-3a01fb1d\"><div class=\"gb-container gb-container-3a01fb1d\">\n\n<div mydoc-widget mydoc-doctor=\"14067\" mydoc-clinic=\"2827\"><\/div>\n\n<\/div><\/div>\n\n<div class=\"gb-grid-column gb-grid-column-84c668b9\"><div class=\"gb-container gb-container-84c668b9\">\n\n<div mydoc-widget mydoc-doctor=\"15477\" mydoc-clinic=\"2827\"><\/div>\n\n<\/div><\/div>\n\n<div class=\"gb-grid-column gb-grid-column-005a3556\"><div class=\"gb-container gb-container-005a3556\">\n\n<div mydoc-widget mydoc-doctor=\"16279\" mydoc-clinic=\"2827\"><\/div>\n\n<\/div><\/div>\n\n<div class=\"gb-grid-column gb-grid-column-4b3e290d\"><div class=\"gb-container gb-container-4b3e290d\">\n\n<div mydoc-widget mydoc-doctor=\"16815\" mydoc-clinic=\"2827\"><\/div>\n\n<\/div><\/div>\n<\/div>\n<\/div>\n<\/div>\n<\/div>\n\n<div class=\"gb-container gb-container-71373e77 gbp-section__inner\">\n<div class=\"gb-container gb-container-3ff9bdbd\">\n\n<h2 class=\"wp-block-heading\">\u042d\u043b\u0438\u0434\u0435\u043d\u0442\u0430 \u0421\u0442\u043e\u043c\u0430\u0442\u043e\u043b\u043e\u0433\u0438\u0447\u0435\u0441\u043a\u0438\u0439 \u043a\u0430\u0431\u0438\u043d\u0435\u0442 Rinktin\u0117s g. 36, \u0412\u0438\u043b\u044c\u043d\u044e\u0441<\/h2>\n\n\n<div class=\"gb-container gb-container-640eb846\">\n<div class=\"gb-grid-wrapper gb-grid-wrapper-3c0ed01b\">\n<div class=\"gb-grid-column gb-grid-column-a6b40783\"><div class=\"gb-container gb-container-a6b40783\">\n\n<div mydoc-widget mydoc-doctor=\"16467\" mydoc-clinic=\"727\"><\/div>\n\n<\/div><\/div>\n\n<div class=\"gb-grid-column gb-grid-column-7c1a110e\"><div class=\"gb-container gb-container-7c1a110e\">\n\n<div mydoc-widget mydoc-doctor=\"14089\" mydoc-clinic=\"727\"><\/div>\n\n<\/div><\/div>\n<\/div>\n<\/div>\n<\/div>\n<\/div>\n<\/div>","protected":false},"excerpt":{"rendered":"<p>Jau \u0161iandien pasikalb\u0117kime ir suplanuokime j\u016bs\u0173 vizit\u0105 m\u016bs\u0173 klinikoje. Mes pasir\u016bpinsime jums patogiausiu laiku, i\u0161samiu ir ai\u0161kiu gydymo planu ir kartu gal\u0117sime \u017eengti tobulos j\u016bs\u0173 \u0161ypsenos link. Registrat\u016bra +370 652 43339 elidentavilnius@gmail.com Darbo laikas I-V 9:00-19:00 VI dirbame pagal susitarim\u0105 VII nedirbame Elidenta protezavimo ir implantologijos klinika Verki\u0173 g. 39 Elidenta odontologijos kabinetas Rinktin\u0117s g. [&hellip;]<\/p>\n","protected":false},"author":1,"featured_media":0,"parent":0,"menu_order":0,"comment_status":"closed","ping_status":"closed","template":"","meta":{"_acf_changed":false,"footnotes":""},"class_list":["post-38374","page","type-page","status-publish","hentry"],"blocksy_meta":[],"acf":[],"yoast_head":"<!-- This site is optimized with the Yoast SEO plugin v27.3 - https:\/\/yoast.com\/product\/yoast-seo-wordpress\/ -->\n<title>Registracija - Elidenta<\/title>\n<meta name=\"robots\" content=\"index, follow, max-snippet:-1, max-image-preview:large, max-video-preview:-1\" \/>\n<link rel=\"canonical\" href=\"https:\/\/elidenta.lt\/ru\/\u0440\u0435\u0433\u0438\u0441\u0442\u0440\u0430\u0446\u0438\u044f\/\" \/>\n<meta property=\"og:locale\" content=\"ru_RU\" \/>\n<meta property=\"og:type\" content=\"article\" \/>\n<meta property=\"og:title\" content=\"Registracija - Elidenta\" \/>\n<meta property=\"og:description\" content=\"Jau \u0161iandien pasikalb\u0117kime ir suplanuokime j\u016bs\u0173 vizit\u0105 m\u016bs\u0173 klinikoje. Mes pasir\u016bpinsime jums patogiausiu laiku, i\u0161samiu ir ai\u0161kiu gydymo planu ir kartu gal\u0117sime \u017eengti tobulos j\u016bs\u0173 \u0161ypsenos link. Registrat\u016bra +370 652 43339 elidentavilnius@gmail.com Darbo laikas I-V 9:00-19:00 VI dirbame pagal susitarim\u0105 VII nedirbame Elidenta protezavimo ir implantologijos klinika Verki\u0173 g. 39 Elidenta odontologijos kabinetas Rinktin\u0117s g. [&hellip;]\" \/>\n<meta property=\"og:url\" content=\"https:\/\/elidenta.lt\/ru\/\u0440\u0435\u0433\u0438\u0441\u0442\u0440\u0430\u0446\u0438\u044f\/\" \/>\n<meta property=\"og:site_name\" content=\"Elidenta\" \/>\n<meta property=\"article:publisher\" content=\"https:\/\/www.facebook.com\/p\/Odontologijos-klinika-Elidenta-61558486250837\/\" \/>\n<meta property=\"article:modified_time\" content=\"2026-03-12T11:29:59+00:00\" \/>\n<meta name=\"twitter:card\" content=\"summary_large_image\" \/>\n<meta name=\"twitter:label1\" content=\"\u041f\u0440\u0438\u043c\u0435\u0440\u043d\u043e\u0435 \u0432\u0440\u0435\u043c\u044f \u0434\u043b\u044f \u0447\u0442\u0435\u043d\u0438\u044f\" \/>\n\t<meta name=\"twitter:data1\" content=\"1 \u043c\u0438\u043d\u0443\u0442\u0430\" \/>\n<script type=\"application\/ld+json\" class=\"yoast-schema-graph\">{\"@context\":\"https:\\\/\\\/schema.org\",\"@graph\":[{\"@type\":\"WebPage\",\"@id\":\"https:\\\/\\\/elidenta.lt\\\/registracija\\\/\",\"url\":\"https:\\\/\\\/elidenta.lt\\\/registracija\\\/\",\"name\":\"Registracija - Elidenta\",\"isPartOf\":{\"@id\":\"https:\\\/\\\/elidenta.lt\\\/#website\"},\"datePublished\":\"2024-07-16T11:26:02+00:00\",\"dateModified\":\"2026-03-12T11:29:59+00:00\",\"breadcrumb\":{\"@id\":\"https:\\\/\\\/elidenta.lt\\\/registracija\\\/#breadcrumb\"},\"inLanguage\":\"ru-RU\",\"potentialAction\":[{\"@type\":\"ReadAction\",\"target\":[\"https:\\\/\\\/elidenta.lt\\\/registracija\\\/\"]}]},{\"@type\":\"BreadcrumbList\",\"@id\":\"https:\\\/\\\/elidenta.lt\\\/registracija\\\/#breadcrumb\",\"itemListElement\":[{\"@type\":\"ListItem\",\"position\":1,\"name\":\"Home\",\"item\":\"https:\\\/\\\/elidenta.lt\\\/\"},{\"@type\":\"ListItem\",\"position\":2,\"name\":\"Registracija\"}]},{\"@type\":\"WebSite\",\"@id\":\"https:\\\/\\\/elidenta.lt\\\/#website\",\"url\":\"https:\\\/\\\/elidenta.lt\\\/\",\"name\":\"Elidenta\",\"description\":\"Odontologijos klinika\",\"publisher\":{\"@id\":\"https:\\\/\\\/elidenta.lt\\\/#organization\"},\"potentialAction\":[{\"@type\":\"SearchAction\",\"target\":{\"@type\":\"EntryPoint\",\"urlTemplate\":\"https:\\\/\\\/elidenta.lt\\\/?s={search_term_string}\"},\"query-input\":{\"@type\":\"PropertyValueSpecification\",\"valueRequired\":true,\"valueName\":\"search_term_string\"}}],\"inLanguage\":\"ru-RU\"},{\"@type\":\"Organization\",\"@id\":\"https:\\\/\\\/elidenta.lt\\\/#organization\",\"name\":\"Elidenta\",\"url\":\"https:\\\/\\\/elidenta.lt\\\/\",\"logo\":{\"@type\":\"ImageObject\",\"inLanguage\":\"ru-RU\",\"@id\":\"https:\\\/\\\/elidenta.lt\\\/#\\\/schema\\\/logo\\\/image\\\/\",\"url\":\"https:\\\/\\\/elidenta.lt\\\/wp-content\\\/uploads\\\/elidenta-logo-b.svg\",\"contentUrl\":\"https:\\\/\\\/elidenta.lt\\\/wp-content\\\/uploads\\\/elidenta-logo-b.svg\",\"width\":714,\"height\":150,\"caption\":\"Elidenta\"},\"image\":{\"@id\":\"https:\\\/\\\/elidenta.lt\\\/#\\\/schema\\\/logo\\\/image\\\/\"},\"sameAs\":[\"https:\\\/\\\/www.facebook.com\\\/p\\\/Odontologijos-klinika-Elidenta-61558486250837\\\/\",\"https:\\\/\\\/www.instagram.com\\\/elidenta_klinika\\\/\"]}]}<\/script>\n<!-- \/ Yoast SEO plugin. -->","yoast_head_json":{"title":"\u0420\u0435\u0433\u0438\u0441\u0442\u0440\u0430\u0446\u0438\u044f - Elidenta","robots":{"index":"index","follow":"follow","max-snippet":"max-snippet:-1","max-image-preview":"max-image-preview:large","max-video-preview":"max-video-preview:-1"},"canonical":"https:\/\/elidenta.lt\/ru\/\u0440\u0435\u0433\u0438\u0441\u0442\u0440\u0430\u0446\u0438\u044f\/","og_locale":"ru_RU","og_type":"article","og_title":"Registracija - Elidenta","og_description":"Jau \u0161iandien pasikalb\u0117kime ir suplanuokime j\u016bs\u0173 vizit\u0105 m\u016bs\u0173 klinikoje. Mes pasir\u016bpinsime jums patogiausiu laiku, i\u0161samiu ir ai\u0161kiu gydymo planu ir kartu gal\u0117sime \u017eengti tobulos j\u016bs\u0173 \u0161ypsenos link. Registrat\u016bra +370 652 43339 elidentavilnius@gmail.com Darbo laikas I-V 9:00-19:00 VI dirbame pagal susitarim\u0105 VII nedirbame Elidenta protezavimo ir implantologijos klinika Verki\u0173 g. 39 Elidenta odontologijos kabinetas Rinktin\u0117s g. [&hellip;]","og_url":"https:\/\/elidenta.lt\/ru\/\u0440\u0435\u0433\u0438\u0441\u0442\u0440\u0430\u0446\u0438\u044f\/","og_site_name":"Elidenta","article_publisher":"https:\/\/www.facebook.com\/p\/Odontologijos-klinika-Elidenta-61558486250837\/","article_modified_time":"2026-03-12T11:29:59+00:00","twitter_card":"summary_large_image","twitter_misc":{"\u041f\u0440\u0438\u043c\u0435\u0440\u043d\u043e\u0435 \u0432\u0440\u0435\u043c\u044f \u0434\u043b\u044f \u0447\u0442\u0435\u043d\u0438\u044f":"1 \u043c\u0438\u043d\u0443\u0442\u0430"},"schema":{"@context":"https:\/\/schema.org","@graph":[{"@type":"WebPage","@id":"https:\/\/elidenta.lt\/registracija\/","url":"https:\/\/elidenta.lt\/registracija\/","name":"\u0420\u0435\u0433\u0438\u0441\u0442\u0440\u0430\u0446\u0438\u044f - Elidenta","isPartOf":{"@id":"https:\/\/elidenta.lt\/#website"},"datePublished":"2024-07-16T11:26:02+00:00","dateModified":"2026-03-12T11:29:59+00:00","breadcrumb":{"@id":"https:\/\/elidenta.lt\/registracija\/#breadcrumb"},"inLanguage":"ru-RU","potentialAction":[{"@type":"ReadAction","target":["https:\/\/elidenta.lt\/registracija\/"]}]},{"@type":"BreadcrumbList","@id":"https:\/\/elidenta.lt\/registracija\/#breadcrumb","itemListElement":[{"@type":"ListItem","position":1,"name":"Home","item":"https:\/\/elidenta.lt\/"},{"@type":"ListItem","position":2,"name":"Registracija"}]},{"@type":"WebSite","@id":"https:\/\/elidenta.lt\/#website","url":"https:\/\/elidenta.lt\/","name":"\u042d\u043b\u0438\u0434\u0435\u043d\u0442\u0430","description":"Odontologijos klinika","publisher":{"@id":"https:\/\/elidenta.lt\/#organization"},"potentialAction":[{"@type":"SearchAction","target":{"@type":"EntryPoint","urlTemplate":"https:\/\/elidenta.lt\/?s={search_term_string}"},"query-input":{"@type":"PropertyValueSpecification","valueRequired":true,"valueName":"search_term_string"}}],"inLanguage":"ru-RU"},{"@type":"Organization","@id":"https:\/\/elidenta.lt\/#organization","name":"\u042d\u043b\u0438\u0434\u0435\u043d\u0442\u0430","url":"https:\/\/elidenta.lt\/","logo":{"@type":"ImageObject","inLanguage":"ru-RU","@id":"https:\/\/elidenta.lt\/#\/schema\/logo\/image\/","url":"https:\/\/elidenta.lt\/wp-content\/uploads\/elidenta-logo-b.svg","contentUrl":"https:\/\/elidenta.lt\/wp-content\/uploads\/elidenta-logo-b.svg","width":714,"height":150,"caption":"Elidenta"},"image":{"@id":"https:\/\/elidenta.lt\/#\/schema\/logo\/image\/"},"sameAs":["https:\/\/www.facebook.com\/p\/Odontologijos-klinika-Elidenta-61558486250837\/","https:\/\/www.instagram.com\/elidenta_klinika\/"]}]}},"_links":{"self":[{"href":"https:\/\/elidenta.lt\/ru\/wp-json\/wp\/v2\/pages\/38374","targetHints":{"allow":["GET"]}}],"collection":[{"href":"https:\/\/elidenta.lt\/ru\/wp-json\/wp\/v2\/pages"}],"about":[{"href":"https:\/\/elidenta.lt\/ru\/wp-json\/wp\/v2\/types\/page"}],"author":[{"embeddable":true,"href":"https:\/\/elidenta.lt\/ru\/wp-json\/wp\/v2\/users\/1"}],"replies":[{"embeddable":true,"href":"https:\/\/elidenta.lt\/ru\/wp-json\/wp\/v2\/comments?post=38374"}],"version-history":[{"count":44,"href":"https:\/\/elidenta.lt\/ru\/wp-json\/wp\/v2\/pages\/38374\/revisions"}],"predecessor-version":[{"id":39746,"href":"https:\/\/elidenta.lt\/ru\/wp-json\/wp\/v2\/pages\/38374\/revisions\/39746"}],"wp:attachment":[{"href":"https:\/\/elidenta.lt\/ru\/wp-json\/wp\/v2\/media?parent=38374"}],"curies":[{"name":"wp","href":"https:\/\/api.w.org\/{rel}","templated":true}]}}