{"id":38432,"date":"2024-07-18T16:15:54","date_gmt":"2024-07-18T13:15:54","guid":{"rendered":"https:\/\/elidenta.lt\/?page_id=38432"},"modified":"2024-09-28T18:28:06","modified_gmt":"2024-09-28T15:28:06","slug":"%d0%bf%d0%be%d0%bb%d0%b8%d1%82%d0%b8%d0%ba%d0%b0-%d0%ba%d0%be%d0%bd%d1%84%d0%b8%d0%b4%d0%b5%d0%bd%d1%86%d0%b8%d0%b0%d0%bb%d1%8c%d0%bd%d0%be%d1%81%d1%82%d0%b8","status":"publish","type":"page","link":"https:\/\/elidenta.lt\/ru\/%d0%bf%d0%be%d0%bb%d0%b8%d1%82%d0%b8%d0%ba%d0%b0-%d0%ba%d0%be%d0%bd%d1%84%d0%b8%d0%b4%d0%b5%d0%bd%d1%86%d0%b8%d0%b0%d0%bb%d1%8c%d0%bd%d0%be%d1%81%d1%82%d0%b8\/","title":{"rendered":"\u041f\u043e\u043b\u0438\u0442\u0438\u043a\u0430 \u043a\u043e\u043d\u0444\u0438\u0434\u0435\u043d\u0446\u0438\u0430\u043b\u044c\u043d\u043e\u0441\u0442\u0438"},"content":{"rendered":"<div class=\"gb-container gb-container-5112be88 alignfull gbp-section\">\n<div class=\"gb-container gb-container-287e1f8e gbp-section__inner\">\n\n<h2 class=\"wp-block-heading\">Odontologijos klinika \u201eElidenta\u201c privatumo politika<\/h2>\n\n\n\n<p>1. \u0160ioje odontologijos klinikos \u201eElidenta\u201c privatumo politikoje rasite informacij\u0105, kokius duomenis odontologijos klinika \u201eElidenta\u201c interneto svetain\u0117je&nbsp;<a href=\"https:\/\/elidenta.lt\/ru\/\">www.elidenta.lt<\/a>&nbsp;(toliau \u2013&nbsp;<em>Svetain\u0117<\/em>) renkame ir kaip j\u0105 naudojame.<\/p>\n\n\n\n<p>2. J\u016bs\u0173 asmens duomen\u0173 valdytojas yra UAB \u201cElidenta ir Partneriai\u201d, \u012fmon\u0117s kodas 304438796, registruota adresu Rinktin\u0117s g. 36-2, Vilnius.<\/p>\n\n\n\n<p>3. Asmens duomen\u0173 rinkim\u0105, tvarkym\u0105 ir saugojim\u0105 nustato \u0161i Privatumo politika, Lietuvos Respublikos Asmens duomen\u0173 teisin\u0117s apsaugos \u012fstatymas ir kiti teis\u0117s aktai.<\/p>\n\n\n\n<p>4. \u0160ioje Privatumo politikoje naudojama s\u0105voka \u201easmens duomenys\u201c (toliau \u2013&nbsp;<em>Asmens duomenys<\/em>) rei\u0161kia bet koki\u0105 informacij\u0105 arba informacijos rinkin\u012f, pagal kuriuos mes galime tiesiogiai arba netiesiogiai nustatyti J\u016bs\u0173 tapatyb\u0119.<\/p>\n\n\n\n<h2 class=\"wp-block-heading\">Koki\u0105 informacij\u0105 mes renkame?<\/h2>\n\n\n\n<p>5. Odontologijos klinika \u201eElidenta\u201c gauna ir saugo informacij\u0105, kuri\u0105 pateikiate lankydamiesi Svetain\u0117je:<\/p>\n\n\n\n<ul class=\"wp-block-list\">\n<li><span style=\"font-size: revert; background-color: transparent; color: var(--theme-text-color); font-family: var(--theme-font-family); font-style: var(--theme-font-style, inherit); font-weight: var(--theme-font-weight); letter-spacing: var(--theme-letter-spacing); text-transform: var(--theme-text-transform);\">Geografin\u0119 viet\u0105, nar\u0161ykl\u0117s tip\u0105, i\u0161 kur buvote nukreiptas, lankymosi trukm\u0119 ir puslapi\u0173 \u017ei\u016br\u0117jim\u0173 skai\u010di\u0173.<\/span><\/li>\n\n\n\n<li><span style=\"font-size: revert; background-color: transparent; color: var(--theme-text-color); font-family: var(--theme-font-family); font-style: var(--theme-font-style, inherit); font-weight: var(--theme-font-weight); letter-spacing: var(--theme-letter-spacing); text-transform: var(--theme-text-transform);\">J\u016bs\u0173 vard\u0105, telefono numer\u012f ir el.pa\u0161t\u0105, kuriuos patys suteikiate nor\u0117dami su mumis susisiekti ir pildydami u\u017eklausos form\u0105 interneto svetain\u0117je. \u0160iuos duomenis tvarkome siekdami susisiekti su Jumis ir atsakyti \u012f J\u016bs\u0173 u\u017eklausas, pateiktas naudojantis m\u016bs\u0173 interneto svetaine.<\/span><\/li>\n\n\n\n<li><span style=\"font-size: revert; background-color: transparent; color: var(--theme-text-color); font-family: var(--theme-font-family); font-style: var(--theme-font-style, inherit); font-weight: var(--theme-font-weight); letter-spacing: var(--theme-letter-spacing); text-transform: var(--theme-text-transform);\">Bet koki\u0105 kit\u0105 informacij\u0105, kuri\u0105 J\u016bs savo pasirinkimu siun\u010diate mums.<\/span><\/li>\n<\/ul>\n\n\n\n<h2 class=\"wp-block-heading\">Duomen\u0173 saugumas<\/h2>\n\n\n\n<p>6. Odontologijos klinika \u201eElidenta\u201c \u012fgyvendina tinkamas priemones, skirtas apsaugoti J\u016bs\u0173 asmens duomenis nuo atsitiktinio ar neteis\u0117to sunaikinimo, pakeitimo, atskleidimo, taip pat nuo bet kokio kito neteis\u0117to tvarkymo.<\/p>\n\n\n\n<h2 class=\"wp-block-heading\">J\u016bs\u0173 asmenini\u0173 duomen\u0173 naudojimas<\/h2>\n\n\n\n<p>7. Asmeniniai duomenys, pateikti \u0161ioje interneto svetain\u0117je, bus naudojami tikslams, nurodytiems \u0161ioje privatumo politikoje arba aktualiose \u0161ios interneto svetain\u0117s dalyse. Mes galime naudoti j\u016bs\u0173 asmenin\u0119 informacij\u0105 \u0161iems tikslams:<\/p>\n\n\n\n<ul class=\"wp-block-list\">\n<li>Informuoti apie odontologijos klinikos \u201eElidenta\u201c renginius ir veiklas, \u012f kurias buvo u\u017esiregistruota. Esant j\u016bs\u0173 sutikimui informuosime apie kitus numatomus renginius;<\/li>\n\n\n\n<li>Tre\u010diosioms \u0161alims suteikti statistin\u0119 informacij\u0105 apie portalo naudotojus, ta\u010diau \u0161i informacija nebus naudojama atskiram naudotojui identifikuoti.<\/li>\n<\/ul>\n\n\n\n<p>8. Be j\u016bs\u0173 sutikimo mes neteiksime j\u016bs\u0173 asmenini\u0173 duomen\u0173 jokioms tre\u010diosioms \u0161alims tiesiogin\u0117s rinkodaros tikslais.<\/p>\n\n\n\n<h2 class=\"wp-block-heading\">Privatumo politikos atnaujinimai<\/h2>\n\n\n\n<p>9. Mes galime atnaujinti \u0161i\u0105 Privatumo politik\u0105 paskelbdami nauj\u0105 jos versij\u0105 \u0161ioje interneto svetain\u0117je. J\u016bs tur\u0117tum\u0117te per\u017ei\u016br\u0117ti \u0161\u012f puslap\u012f, kad susipa\u017eintum\u0117te, su privatumo politikos pakeitimais.<\/p>\n\n\n\n<h2 class=\"wp-block-heading\">Tre\u010di\u0173j\u0173 \u0161ali\u0173 interneto svetain\u0117s<\/h2>\n\n\n\n<p>10. Odontologijos klinikos \u201eElidenta\u201c interneto svetain\u0117je gali b\u016bti pateiktos nuorodos \u012f tre\u010di\u0173j\u0173 \u0161ali\u0173 interneto svetaines, \u012f teis\u0117s aktus, taip pat nuorodos \u012f socialinius tinklus, gali b\u016bti pateikta i\u0161 kit\u0173 svetaini\u0173 \u012fkelto turinio (pavyzd\u017eiui, nuotrauk\u0173, teksto ir pan.). Tre\u010di\u0173j\u0173 \u0161ali\u0173 svetain\u0117ms, kuri\u0173 nuorodos pateikiamos\u00a0odontologijos klinikos \u201eElidenta\u201c interneto svetain\u0117je, yra taikomos \u0161i\u0173 svetaini\u0173 privatumo politikos. Odontologijos klinika \u201eElidenta\u201c neprisiima atsakomyb\u0117s pagal toki\u0173 svetaini\u0173 ar tre\u010di\u0173j\u0173 \u0161ali\u0173 privatumo politikas.<\/p>\n\n\n\n<h2 class=\"wp-block-heading\">Duomen\u0173 valdytojo kontaktai<\/h2>\n\n\n\n<p>11. Su J\u016bs\u0173 asmens duomen\u0173 tvarkymu susijusiais klausimais galite kreiptis \u012f odontologijos klinik\u0105 \u201eElidenta\u201c el. pa\u0161tu: <a href=\"mailto:info@memeliomokykla.lt\">elidentavilnius@gmail.com<\/a><\/p>\n\n\n\n<p>Paskelbta 2024-08-21<\/p>\n\n<\/div>\n<\/div>","protected":false},"excerpt":{"rendered":"<p>Odontologijos klinika \u201eElidenta\u201c privatumo politika 1. \u0160ioje odontologijos klinikos \u201eElidenta\u201c privatumo politikoje rasite informacij\u0105, kokius duomenis odontologijos klinika \u201eElidenta\u201c interneto svetain\u0117je&nbsp;www.elidenta.lt&nbsp;(toliau \u2013&nbsp;Svetain\u0117) renkame ir kaip j\u0105 naudojame. 2. J\u016bs\u0173 asmens duomen\u0173 valdytojas yra UAB \u201cElidenta ir Partneriai\u201d, \u012fmon\u0117s kodas 304438796, registruota adresu Rinktin\u0117s g. 36-2, Vilnius. 3. Asmens duomen\u0173 rinkim\u0105, tvarkym\u0105 ir saugojim\u0105 nustato \u0161i [&hellip;]<\/p>\n","protected":false},"author":1,"featured_media":0,"parent":0,"menu_order":0,"comment_status":"closed","ping_status":"closed","template":"","meta":{"_acf_changed":false,"footnotes":""},"class_list":["post-38432","page","type-page","status-publish","hentry"],"blocksy_meta":[],"acf":[],"yoast_head":"<!-- This site is optimized with the Yoast SEO plugin v27.3 - https:\/\/yoast.com\/product\/yoast-seo-wordpress\/ -->\n<title>Privatumo politika - Elidenta<\/title>\n<meta name=\"robots\" content=\"index, follow, max-snippet:-1, max-image-preview:large, max-video-preview:-1\" \/>\n<link rel=\"canonical\" href=\"https:\/\/elidenta.lt\/ru\/\u043f\u043e\u043b\u0438\u0442\u0438\u043a\u0430-\u043a\u043e\u043d\u0444\u0438\u0434\u0435\u043d\u0446\u0438\u0430\u043b\u044c\u043d\u043e\u0441\u0442\u0438\/\" \/>\n<meta property=\"og:locale\" content=\"ru_RU\" \/>\n<meta property=\"og:type\" content=\"article\" \/>\n<meta property=\"og:title\" content=\"Privatumo politika - Elidenta\" \/>\n<meta property=\"og:description\" content=\"Odontologijos klinika \u201eElidenta\u201c privatumo politika 1. \u0160ioje odontologijos klinikos \u201eElidenta\u201c privatumo politikoje rasite informacij\u0105, kokius duomenis odontologijos klinika \u201eElidenta\u201c interneto svetain\u0117je&nbsp;www.elidenta.lt&nbsp;(toliau \u2013&nbsp;Svetain\u0117) renkame ir kaip j\u0105 naudojame. 2. J\u016bs\u0173 asmens duomen\u0173 valdytojas yra UAB \u201cElidenta ir Partneriai\u201d, \u012fmon\u0117s kodas 304438796, registruota adresu Rinktin\u0117s g. 36-2, Vilnius. 3. Asmens duomen\u0173 rinkim\u0105, tvarkym\u0105 ir saugojim\u0105 nustato \u0161i [&hellip;]\" \/>\n<meta property=\"og:url\" content=\"https:\/\/elidenta.lt\/ru\/\u043f\u043e\u043b\u0438\u0442\u0438\u043a\u0430-\u043a\u043e\u043d\u0444\u0438\u0434\u0435\u043d\u0446\u0438\u0430\u043b\u044c\u043d\u043e\u0441\u0442\u0438\/\" \/>\n<meta property=\"og:site_name\" content=\"Elidenta\" \/>\n<meta property=\"article:publisher\" content=\"https:\/\/www.facebook.com\/p\/Odontologijos-klinika-Elidenta-61558486250837\/\" \/>\n<meta property=\"article:modified_time\" content=\"2024-09-28T15:28:06+00:00\" \/>\n<meta name=\"twitter:card\" content=\"summary_large_image\" \/>\n<meta name=\"twitter:label1\" content=\"\u041f\u0440\u0438\u043c\u0435\u0440\u043d\u043e\u0435 \u0432\u0440\u0435\u043c\u044f \u0434\u043b\u044f \u0447\u0442\u0435\u043d\u0438\u044f\" \/>\n\t<meta name=\"twitter:data1\" content=\"3 \u043c\u0438\u043d\u0443\u0442\u044b\" \/>\n<script type=\"application\/ld+json\" class=\"yoast-schema-graph\">{\"@context\":\"https:\\\/\\\/schema.org\",\"@graph\":[{\"@type\":\"WebPage\",\"@id\":\"https:\\\/\\\/elidenta.lt\\\/privatumo-politika\\\/\",\"url\":\"https:\\\/\\\/elidenta.lt\\\/privatumo-politika\\\/\",\"name\":\"Privatumo politika - Elidenta\",\"isPartOf\":{\"@id\":\"https:\\\/\\\/elidenta.lt\\\/#website\"},\"datePublished\":\"2024-07-18T13:15:54+00:00\",\"dateModified\":\"2024-09-28T15:28:06+00:00\",\"breadcrumb\":{\"@id\":\"https:\\\/\\\/elidenta.lt\\\/privatumo-politika\\\/#breadcrumb\"},\"inLanguage\":\"ru-RU\",\"potentialAction\":[{\"@type\":\"ReadAction\",\"target\":[\"https:\\\/\\\/elidenta.lt\\\/privatumo-politika\\\/\"]}]},{\"@type\":\"BreadcrumbList\",\"@id\":\"https:\\\/\\\/elidenta.lt\\\/privatumo-politika\\\/#breadcrumb\",\"itemListElement\":[{\"@type\":\"ListItem\",\"position\":1,\"name\":\"Home\",\"item\":\"https:\\\/\\\/elidenta.lt\\\/\"},{\"@type\":\"ListItem\",\"position\":2,\"name\":\"Privatumo politika\"}]},{\"@type\":\"WebSite\",\"@id\":\"https:\\\/\\\/elidenta.lt\\\/#website\",\"url\":\"https:\\\/\\\/elidenta.lt\\\/\",\"name\":\"Elidenta\",\"description\":\"Odontologijos klinika\",\"publisher\":{\"@id\":\"https:\\\/\\\/elidenta.lt\\\/#organization\"},\"potentialAction\":[{\"@type\":\"SearchAction\",\"target\":{\"@type\":\"EntryPoint\",\"urlTemplate\":\"https:\\\/\\\/elidenta.lt\\\/?s={search_term_string}\"},\"query-input\":{\"@type\":\"PropertyValueSpecification\",\"valueRequired\":true,\"valueName\":\"search_term_string\"}}],\"inLanguage\":\"ru-RU\"},{\"@type\":\"Organization\",\"@id\":\"https:\\\/\\\/elidenta.lt\\\/#organization\",\"name\":\"Elidenta\",\"url\":\"https:\\\/\\\/elidenta.lt\\\/\",\"logo\":{\"@type\":\"ImageObject\",\"inLanguage\":\"ru-RU\",\"@id\":\"https:\\\/\\\/elidenta.lt\\\/#\\\/schema\\\/logo\\\/image\\\/\",\"url\":\"https:\\\/\\\/elidenta.lt\\\/wp-content\\\/uploads\\\/elidenta-logo-b.svg\",\"contentUrl\":\"https:\\\/\\\/elidenta.lt\\\/wp-content\\\/uploads\\\/elidenta-logo-b.svg\",\"width\":714,\"height\":150,\"caption\":\"Elidenta\"},\"image\":{\"@id\":\"https:\\\/\\\/elidenta.lt\\\/#\\\/schema\\\/logo\\\/image\\\/\"},\"sameAs\":[\"https:\\\/\\\/www.facebook.com\\\/p\\\/Odontologijos-klinika-Elidenta-61558486250837\\\/\",\"https:\\\/\\\/www.instagram.com\\\/elidenta_klinika\\\/\"]}]}<\/script>\n<!-- \/ Yoast SEO plugin. -->","yoast_head_json":{"title":"Privatumo politika - Elidenta","robots":{"index":"index","follow":"follow","max-snippet":"max-snippet:-1","max-image-preview":"max-image-preview:large","max-video-preview":"max-video-preview:-1"},"canonical":"https:\/\/elidenta.lt\/ru\/\u043f\u043e\u043b\u0438\u0442\u0438\u043a\u0430-\u043a\u043e\u043d\u0444\u0438\u0434\u0435\u043d\u0446\u0438\u0430\u043b\u044c\u043d\u043e\u0441\u0442\u0438\/","og_locale":"ru_RU","og_type":"article","og_title":"Privatumo politika - Elidenta","og_description":"Odontologijos klinika \u201eElidenta\u201c privatumo politika 1. \u0160ioje odontologijos klinikos \u201eElidenta\u201c privatumo politikoje rasite informacij\u0105, kokius duomenis odontologijos klinika \u201eElidenta\u201c interneto svetain\u0117je&nbsp;www.elidenta.lt&nbsp;(toliau \u2013&nbsp;Svetain\u0117) renkame ir kaip j\u0105 naudojame. 2. J\u016bs\u0173 asmens duomen\u0173 valdytojas yra UAB \u201cElidenta ir Partneriai\u201d, \u012fmon\u0117s kodas 304438796, registruota adresu Rinktin\u0117s g. 36-2, Vilnius. 3. Asmens duomen\u0173 rinkim\u0105, tvarkym\u0105 ir saugojim\u0105 nustato \u0161i [&hellip;]","og_url":"https:\/\/elidenta.lt\/ru\/\u043f\u043e\u043b\u0438\u0442\u0438\u043a\u0430-\u043a\u043e\u043d\u0444\u0438\u0434\u0435\u043d\u0446\u0438\u0430\u043b\u044c\u043d\u043e\u0441\u0442\u0438\/","og_site_name":"Elidenta","article_publisher":"https:\/\/www.facebook.com\/p\/Odontologijos-klinika-Elidenta-61558486250837\/","article_modified_time":"2024-09-28T15:28:06+00:00","twitter_card":"summary_large_image","twitter_misc":{"\u041f\u0440\u0438\u043c\u0435\u0440\u043d\u043e\u0435 \u0432\u0440\u0435\u043c\u044f \u0434\u043b\u044f \u0447\u0442\u0435\u043d\u0438\u044f":"3 \u043c\u0438\u043d\u0443\u0442\u044b"},"schema":{"@context":"https:\/\/schema.org","@graph":[{"@type":"WebPage","@id":"https:\/\/elidenta.lt\/privatumo-politika\/","url":"https:\/\/elidenta.lt\/privatumo-politika\/","name":"Privatumo politika - Elidenta","isPartOf":{"@id":"https:\/\/elidenta.lt\/#website"},"datePublished":"2024-07-18T13:15:54+00:00","dateModified":"2024-09-28T15:28:06+00:00","breadcrumb":{"@id":"https:\/\/elidenta.lt\/privatumo-politika\/#breadcrumb"},"inLanguage":"ru-RU","potentialAction":[{"@type":"ReadAction","target":["https:\/\/elidenta.lt\/privatumo-politika\/"]}]},{"@type":"BreadcrumbList","@id":"https:\/\/elidenta.lt\/privatumo-politika\/#breadcrumb","itemListElement":[{"@type":"ListItem","position":1,"name":"Home","item":"https:\/\/elidenta.lt\/"},{"@type":"ListItem","position":2,"name":"Privatumo politika"}]},{"@type":"WebSite","@id":"https:\/\/elidenta.lt\/#website","url":"https:\/\/elidenta.lt\/","name":"\u042d\u043b\u0438\u0434\u0435\u043d\u0442\u0430","description":"Odontologijos klinika","publisher":{"@id":"https:\/\/elidenta.lt\/#organization"},"potentialAction":[{"@type":"SearchAction","target":{"@type":"EntryPoint","urlTemplate":"https:\/\/elidenta.lt\/?s={search_term_string}"},"query-input":{"@type":"PropertyValueSpecification","valueRequired":true,"valueName":"search_term_string"}}],"inLanguage":"ru-RU"},{"@type":"Organization","@id":"https:\/\/elidenta.lt\/#organization","name":"\u042d\u043b\u0438\u0434\u0435\u043d\u0442\u0430","url":"https:\/\/elidenta.lt\/","logo":{"@type":"ImageObject","inLanguage":"ru-RU","@id":"https:\/\/elidenta.lt\/#\/schema\/logo\/image\/","url":"https:\/\/elidenta.lt\/wp-content\/uploads\/elidenta-logo-b.svg","contentUrl":"https:\/\/elidenta.lt\/wp-content\/uploads\/elidenta-logo-b.svg","width":714,"height":150,"caption":"Elidenta"},"image":{"@id":"https:\/\/elidenta.lt\/#\/schema\/logo\/image\/"},"sameAs":["https:\/\/www.facebook.com\/p\/Odontologijos-klinika-Elidenta-61558486250837\/","https:\/\/www.instagram.com\/elidenta_klinika\/"]}]}},"_links":{"self":[{"href":"https:\/\/elidenta.lt\/ru\/wp-json\/wp\/v2\/pages\/38432","targetHints":{"allow":["GET"]}}],"collection":[{"href":"https:\/\/elidenta.lt\/ru\/wp-json\/wp\/v2\/pages"}],"about":[{"href":"https:\/\/elidenta.lt\/ru\/wp-json\/wp\/v2\/types\/page"}],"author":[{"embeddable":true,"href":"https:\/\/elidenta.lt\/ru\/wp-json\/wp\/v2\/users\/1"}],"replies":[{"embeddable":true,"href":"https:\/\/elidenta.lt\/ru\/wp-json\/wp\/v2\/comments?post=38432"}],"version-history":[{"count":1,"href":"https:\/\/elidenta.lt\/ru\/wp-json\/wp\/v2\/pages\/38432\/revisions"}],"predecessor-version":[{"id":39028,"href":"https:\/\/elidenta.lt\/ru\/wp-json\/wp\/v2\/pages\/38432\/revisions\/39028"}],"wp:attachment":[{"href":"https:\/\/elidenta.lt\/ru\/wp-json\/wp\/v2\/media?parent=38432"}],"curies":[{"name":"wp","href":"https:\/\/api.w.org\/{rel}","templated":true}]}}