{"id":36304,"date":"2024-03-15T10:55:50","date_gmt":"2024-03-15T08:55:50","guid":{"rendered":"https:\/\/elidenta.lt\/?page_id=36304"},"modified":"2026-03-23T13:57:12","modified_gmt":"2026-03-23T11:57:12","slug":"%d0%ba%d0%be%d0%bd%d1%82%d0%b0%d0%ba%d1%82%d0%b8","status":"publish","type":"page","link":"https:\/\/elidenta.lt\/uk\/%d0%ba%d0%be%d0%bd%d1%82%d0%b0%d0%ba%d1%82%d0%b8\/","title":{"rendered":"\u041a\u043e\u043d\u0442\u0430\u043a\u0442\u0438"},"content":{"rendered":"<div class=\"gb-container gb-container-54424bb3 alignfull gbp-section\">\n<div class=\"gb-container gb-container-9edea29a alignfull\">\n\n<div class=\"wp-block-cover alignfull n-hero has-palette-color-8-color has-text-color\" style=\"border-radius:2rem;margin-top:0;margin-bottom:0;padding-top:0;padding-right:0;padding-bottom:0;padding-left:0;min-height:100%;aspect-ratio:unset;\"><video class=\"wp-block-cover__video-background intrinsic-ignore\" autoplay muted loop playsinline src=\"https:\/\/elidenta.lt\/wp-content\/uploads\/2024\/08\/elidenta-darbai.mp4\" data-object-fit=\"cover\"><\/video><span aria-hidden=\"true\" class=\"wp-block-cover__background has-background-dim-80 has-background-dim wp-block-cover__gradient-background has-background-gradient\" style=\"background:linear-gradient(60deg,rgb(27,22,14) 0%,rgba(0,0,0,0) 36%)\"><\/span><div class=\"wp-block-cover__inner-container is-layout-constrained wp-container-core-cover-is-layout-72190d31 wp-block-cover-is-layout-constrained\"><div class=\"gb-container gb-container-008dca89 alignfull\">\n<div class=\"gb-container gb-container-5143412c\">\n\n<h1 class=\"gb-headline gb-headline-2f3c6d8f gb-headline-text gbp-section__headline\">\u041a\u043e\u043d\u0442\u0430\u043a\u0442\u0438<\/h1>\n\n<\/div>\n<\/div><\/div><\/div>\n\n<\/div>\n\n<div class=\"gb-container gb-container-ecccc2c7 alignfull gbp-section__inner\">\n<div class=\"gb-container gb-container-8a719acc\">\n\n<h1 class=\"gb-headline gb-headline-adec36d9 gb-headline-text gbp-section__headline\">\u0412\u0438\u043a\u043e\u043d\u0430\u043d\u0430 \u0440\u043e\u0431\u043e\u0442\u0430<\/h1>\n\n<\/div>\n<\/div>\n<\/div>\n\n<div class=\"gb-container gb-container-eee1257c alignfull gbp-section\">\n<div class=\"gb-container gb-container-aea79c2a gbp-section__inner\">\n<div class=\"gb-container gb-container-0f1f4f9b\">\n\n<div class=\"gb-headline gb-headline-1544803b gb-headline-text gbp-section__text\">\u0414\u0430\u0432\u0430\u0439\u0442\u0435 \u043f\u043e\u0441\u043f\u0456\u043b\u043a\u0443\u0454\u043c\u043e\u0441\u044f \u0432\u0436\u0435 \u0441\u044c\u043e\u0433\u043e\u0434\u043d\u0456 \u0456 \u0441\u043f\u043b\u0430\u043d\u0443\u0454\u043c\u043e \u0432\u0430\u0448 \u0432\u0456\u0437\u0438\u0442 \u0434\u043e \u043d\u0430\u0448\u043e\u0457 \u043a\u043b\u0456\u043d\u0456\u043a\u0438. \u041c\u0438 \u0443\u0437\u0433\u043e\u0434\u0438\u043c\u043e \u0437\u0440\u0443\u0447\u043d\u0438\u0439 \u0434\u043b\u044f \u0432\u0430\u0441 \u0447\u0430\u0441, \u0441\u043a\u043b\u0430\u0434\u0435\u043c\u043e \u0434\u0435\u0442\u0430\u043b\u044c\u043d\u0438\u0439 \u0456 \u0447\u0456\u0442\u043a\u0438\u0439 \u043f\u043b\u0430\u043d \u043b\u0456\u043a\u0443\u0432\u0430\u043d\u043d\u044f, \u0456 \u0440\u0430\u0437\u043e\u043c \u0431\u0443\u0434\u0435\u043c\u043e \u043f\u0440\u0430\u0446\u044e\u0432\u0430\u0442\u0438 \u043d\u0430\u0434 \u0432\u0430\u0448\u043e\u044e \u0456\u0434\u0435\u0430\u043b\u044c\u043d\u043e\u044e \u043f\u043e\u0441\u043c\u0456\u0448\u043a\u043e\u044e.<\/div>\n\n<\/div>\n<\/div>\n\n<div class=\"gb-container gb-container-868ec48d gbp-section__inner\">\n<div class=\"gb-container gb-container-5756f4df\"><\/div>\n\n<div class=\"gb-container gb-container-2567127e\">\n<div class=\"gb-container gb-container-e367f70e\">\n<div class=\"gb-container gb-container-62d2137e\">\n\n<div class=\"gb-headline gb-headline-075079c7\"><span class=\"gb-icon\"><svg xmlns=\"http:\/\/www.w3.org\/2000\/svg\" fill=\"none\" viewbox=\"0 0 30 40\" height=\"40\" width=\"30\"> <path fill=\"#B69D78\" d=\"M14.9985 7.49927C10.8661 7.49927 7.49927 10.8661 7.49927 14.9985C7.49927 19.1309 10.8661 22.4978 14.9985 22.4978C19.1309 22.4978 22.4978 19.1309 22.4978 14.9985C22.4978 10.8661 19.1309 7.49927 14.9985 7.49927ZM14.9985 19.998C12.241 19.998 9.99902 17.7561 9.99902 14.9985C9.99902 12.241 12.241 9.99902 14.9985 9.99902C17.7561 9.99902 19.998 12.241 19.998 14.9985C19.998 17.7561 17.7561 19.998 14.9985 19.998ZM14.9985 0C6.71809 0 0 6.71809 0 14.9985C0 21.0448 2.10917 22.7322 13.4596 39.1915C14.2017 40.2695 15.7953 40.2695 16.5453 39.1915C27.8879 22.7322 29.9971 21.0448 29.9971 14.9985C29.9971 6.71809 23.279 0 14.9985 0ZM14.9985 37.0198C4.11679 21.287 2.49976 20.0371 2.49976 14.9985C2.49976 11.6629 3.7965 8.5226 6.16346 6.16346C8.53042 3.80432 11.6629 2.49976 14.9985 2.49976C18.3341 2.49976 21.4745 3.7965 23.8336 6.16346C26.1928 8.53042 27.4973 11.6629 27.4973 14.9985C27.4973 20.0371 25.8803 21.287 14.9985 37.0198Z\"><\/path> <\/svg><\/span><\/div>\n\n\n<div class=\"gb-container gb-container-f005b502\">\n\n<h3 class=\"gb-headline gb-headline-fa953a07 gb-headline-text\">\u0410\u0434\u0440\u0435\u0441\u0438<\/h3>\n\n\n\n<h4 class=\"gb-headline gb-headline-791d8bf8 gb-headline-text\">Elidenta Protezavimo ir Implantologijos Klinika<\/h4>\n\n\n\n<p class=\"gb-headline gb-headline-edede340 gb-headline-text\">Verki\u0173 g. 39, 09109 Vilnius<\/p>\n\n\n\n<p class=\"gb-headline gb-headline-8f43f141 gb-headline-text\"><a href=\"https:\/\/maps.app.goo.gl\/csbP6FGTJ4ijciaw9\" target=\"_blank\" rel=\"noreferrer noopener\">\u0420\u043e\u0437\u0442\u0430\u0448\u0443\u0432\u0430\u043d\u043d\u044f \u043d\u0430 \u043a\u0430\u0440\u0442\u0456<\/a><\/p>\n\n\n\n<hr class=\"wp-block-separator has-alpha-channel-opacity is-style-default\" style=\"margin-top:var(--wp--preset--spacing--30);margin-bottom:var(--wp--preset--spacing--30)\"\/>\n\n\n\n<h4 class=\"gb-headline gb-headline-61c7e36f gb-headline-text\">Elidenta Protezavimo ir Implantologijos Kabinetas<\/h4>\n\n\n\n<p class=\"gb-headline gb-headline-0386abfa gb-headline-text\">Rinktin\u0117s g. 36, 09315 Vilnius<\/p>\n\n\n\n<p class=\"gb-headline gb-headline-0f714fe6 gb-headline-text\"><a href=\"https:\/\/maps.app.goo.gl\/WhTQaQDHGmDCWw9p9\" target=\"_blank\" rel=\"noreferrer noopener\">\u0420\u043e\u0437\u0442\u0430\u0448\u0443\u0432\u0430\u043d\u043d\u044f \u043d\u0430 \u043a\u0430\u0440\u0442\u0456<\/a><\/p>\n\n<\/div>\n<\/div>\n\n<div class=\"gb-container gb-container-5a94f63a\">\n\n<div class=\"gb-headline gb-headline-b80b4d21\"><span class=\"gb-icon\"><svg xmlns=\"http:\/\/www.w3.org\/2000\/svg\" fill=\"none\" viewbox=\"0 0 35 40\" height=\"40\" width=\"35\"> <path fill=\"#B69D78\" d=\"M31.25 5H27.5V0.625C27.5 0.28125 27.2188 0 26.875 0H25.625C25.2812 0 25 0.28125 25 0.625V5H10V0.625C10 0.28125 9.71875 0 9.375 0H8.125C7.78125 0 7.5 0.28125 7.5 0.625V5H3.75C1.67969 5 0 6.67969 0 8.75V36.25C0 38.3203 1.67969 40 3.75 40H31.25C33.3203 40 35 38.3203 35 36.25V8.75C35 6.67969 33.3203 5 31.25 5ZM32.5 36.25C32.5 36.9375 31.9375 37.5 31.25 37.5H3.75C3.0625 37.5 2.5 36.9375 2.5 36.25V15H32.5V36.25ZM32.5 12.5H2.5V8.75C2.5 8.0625 3.0625 7.5 3.75 7.5H31.25C31.9375 7.5 32.5 8.0625 32.5 8.75V12.5ZM8.75 30H16.25C16.9375 30 17.5 29.4375 17.5 28.75V21.25C17.5 20.5625 16.9375 20 16.25 20H8.75C8.0625 20 7.5 20.5625 7.5 21.25V28.75C7.5 29.4375 8.0625 30 8.75 30ZM10 22.5H15V27.5H10V22.5Z\"><\/path> <\/svg><\/span><\/div>\n\n\n<div class=\"gb-container gb-container-ed19d91e\">\n\n<h3 class=\"gb-headline gb-headline-376a0e1b gb-headline-text\">\u041f\u0440\u0438\u0439\u043e\u043c<\/h3>\n\n\n\n<p class=\"gb-headline gb-headline-6f4ef24b gb-headline-text\"><a href=\"\/uk\/\u0442\u0435\u043b:+370 652 43339\/\">+370 652 43339<\/a><\/p>\n\n\n\n<p class=\"gb-headline gb-headline-28b05d7c gb-headline-text\"><a href=\"mailto:elidentavilnius@gmail.com\">registracija@elidenta.lt<\/a><\/p>\n\n\n\n<a class=\"gb-button gb-button-b3dcad07 gbp-button--primary\" href=\"https:\/\/www.messenger.com\/t\/61558486250837\" target=\"_blank\" rel=\"nofollow noopener noreferrer\"><span class=\"gb-icon\"><svg xmlns=\"http:\/\/www.w3.org\/2000\/svg\" fill=\"none\" viewbox=\"0 0 502 502\" height=\"502\" width=\"502\"> <path fill=\"black\" d=\"M251 1C110.17 1 1 104.16 1 243.5C1 316.39 30.87 379.36 79.51 422.87C83.6 426.52 86.06 431.65 86.23 437.12L87.59 481.6C88.02 495.78 102.68 505.01 115.65 499.28L165.27 477.37C169.48 475.52 174.19 475.17 178.62 476.4C201.43 482.67 225.69 486.01 250.99 486.01C391.82 486.01 500.99 382.85 500.99 243.51C500.99 104.17 391.83 1 251 1ZM405.92 178.79L318.88 313.31C314.46 320.14 305.35 322.09 298.52 317.67L217.89 265.5C214.77 263.48 210.73 263.54 207.67 265.65L116.79 328.33C103.53 337.47 87.32 321.74 96.07 308.22L183.12 173.7C187.54 166.87 196.65 164.92 203.47 169.34L284.12 221.52C287.24 223.54 291.28 223.48 294.34 221.37L385.2 158.7C398.46 149.55 414.67 165.29 405.92 178.81V178.79Z\"><\/path> <\/svg><\/span><span class=\"gb-button-text\">Messenger<\/span><\/a>\n\n<\/div>\n<\/div>\n\n<div class=\"gb-container gb-container-4f170768\">\n\n<div class=\"gb-headline gb-headline-9c922d21\"><span class=\"gb-icon\"><svg xmlns=\"http:\/\/www.w3.org\/2000\/svg\" fill=\"none\" viewbox=\"0 0 40 40\" height=\"40\" width=\"40\"> <path fill=\"#B69D78\" d=\"M20 0C8.95161 0 0 8.95161 0 20C0 31.0484 8.95161 40 20 40C31.0484 40 40 31.0484 40 20C40 8.95161 31.0484 0 20 0ZM37.4194 20C37.4194 29.5726 29.6694 37.4194 20 37.4194C10.4274 37.4194 2.58065 29.6694 2.58065 20C2.58065 10.4274 10.3306 2.58065 20 2.58065C29.5726 2.58065 37.4194 10.3306 37.4194 20ZM25.4113 27.121L18.8629 22.3629C18.6129 22.1774 18.4677 21.8871 18.4677 21.5806V8.70968C18.4677 8.17742 18.9032 7.74194 19.4355 7.74194H20.5645C21.0968 7.74194 21.5323 8.17742 21.5323 8.70968V20.5081L27.2177 24.6452C27.6532 24.9597 27.7419 25.5645 27.4274 26L26.7661 26.9113C26.4516 27.3387 25.8468 27.4355 25.4113 27.121Z\"><\/path> <\/svg><\/span><\/div>\n\n\n<div class=\"gb-container gb-container-482a4de3\">\n\n<h3 class=\"gb-headline gb-headline-87c11e1d gb-headline-text\">\u0413\u043e\u0434\u0438\u043d\u0438 \u0440\u043e\u0431\u043e\u0442\u0438<\/h3>\n\n\n\n<p class=\"gb-headline gb-headline-977ebb3f gb-headline-text\">I-V 9:00-19:00<\/p>\n\n\n\n<p class=\"gb-headline gb-headline-a149dfb5 gb-headline-text\">VI \u0440\u043e\u0431\u043e\u0442\u0430 \u0437\u0430 \u0434\u043e\u0433\u043e\u0432\u043e\u0440\u043e\u043c<\/p>\n\n\n\n<p class=\"gb-headline gb-headline-43283f8a gb-headline-text\">VII \u0437\u0430\u043a\u0440\u0438\u0442\u043e<\/p>\n\n<\/div>\n<\/div>\n<\/div>\n<\/div>\n<\/div>\n<\/div>\n\n<div class=\"gb-container gb-container-7e786093 alignfull gbp-section\">\n<div class=\"gb-container gb-container-4dac566f gbp-section__inner\">\n<div class=\"gb-container gb-container-0b1dbd13\">\n\n<h2 class=\"gb-headline gb-headline-f662a7e4 gb-headline-text gb-headline-h2\">\u0417\u0432'\u044f\u0436\u0456\u0442\u044c\u0441\u044f \u0437 \u043d\u0430\u043c\u0438 \u0437\u0430 \u0430\u0434\u0440\u0435\u0441\u043e\u044e<\/h2>\n\n\n<form action=\"https:\/\/elidenta.lt\/uk\/wp-json\/ws-form\/v1\/submit\" class=\"wsf-form wsf-form-canvas\" id=\"ws-form-1\" data-id=\"2\" method=\"POST\" data-instance-id=\"1\" data-wsf-style-id=\"1\" data-trp-original-action=\"https:\/\/elidenta.lt\/uk\/wp-json\/ws-form\/v1\/submit\"><input type=\"hidden\" name=\"trp-form-language\" value=\"uk\"\/><\/form>\n<\/div>\n\n<div class=\"gb-container gb-container-deae01de\">\n<div class=\"gb-container gb-container-6231308e\">\n\n<h3 class=\"gb-headline gb-headline-faf99371 gb-headline-text gb-headline-h2\">\u0420\u0435\u043a\u0432\u0456\u0437\u0438\u0442 \u0434\u043b\u044f<\/h3>\n\n\n\n<div class=\"gb-headline gb-headline-f934c76e gb-headline-text\">UAB \"Elidenta ir Partneriai\"<\/div>\n\n\n\n<div class=\"gb-headline gb-headline-3c45f228 gb-headline-text\">\u041a\u043e\u0434 \u043a\u043e\u043c\u043f\u0430\u043d\u0456\u0457 304438796<\/div>\n\n\n\n<div class=\"gb-headline gb-headline-b9c512cc gb-headline-text\">a\/s : LT617290099091571998 <\/div>\n\n\n\n<p>AB CITADELE<\/p>\n\n\n<div class=\"ct-block-wrapper\" style=\"margin-top:0px;margin-bottom:0px;margin-left:0;margin-right:0;\">\n<div class=\"ct-socials-block\" style=\"--theme-icon-color:var(--wp--preset--color--palette-color-4);--theme-icon-hover-color:var(--wp--preset--color--palette-color-1);--theme-icon-size:24px;--items-spacing:20px;\">\n\t\t<div class=\"ct-social-box\" data-color=\"default\" data-icons-type=\"simple\" style=\"\" >\n\t\t\t\n\t\t\t\n\t\t\t\t\t\t\t\n\t\t\t\t<a href=\"https:\/\/www.messenger.com\/t\/61558486250837\" data-network=\"facebook_messenger\" aria-label=\"Facebook Messenger\">\n\t\t\t\t\t<span class=\"ct-icon-container\">\n\t\t\t\t\t<svg\n\t\t\t\t\twidth=\"20px\"\n\t\t\t\t\theight=\"20px\"\n\t\t\t\t\tviewbox=\"0 0 20 20\"\n\t\t\t\t\taria-hidden=\"true\">\n\t\t\t\t\t\t<path d=\"M10,0C4.5,0,0.1,4.1,0.1,9.2c0,2.7,1.2,5.2,3.4,7V20l3.7-1.9c0.9,0.3,1.8,0.3,2.7,0.3c5.5,0,9.9-4.1,9.9-9.2C19.9,4.1,15.5,0,10,0z M11,12.3L8.5,9.6l-4.6,2.6L9,6.8l2.5,2.5l4.5-2.5L11,12.3z\"\/>\n\t\t\t\t\t<\/svg>\n\t\t\t\t<\/span>\t\t\t\t<\/a>\n\t\t\t\t\t\t\t\n\t\t\t\t<a href=\"https:\/\/www.facebook.com\/p\/Odontologijos-klinika-Elidenta-61558486250837\/\" data-network=\"facebook\" aria-label=\"Facebook\">\n\t\t\t\t\t<span class=\"ct-icon-container\">\n\t\t\t\t\t<svg\n\t\t\t\t\twidth=\"20px\"\n\t\t\t\t\theight=\"20px\"\n\t\t\t\t\tviewbox=\"0 0 20 20\"\n\t\t\t\t\taria-hidden=\"true\">\n\t\t\t\t\t\t<path d=\"M20,10.1c0-5.5-4.5-10-10-10S0,4.5,0,10.1c0,5,3.7,9.1,8.4,9.9v-7H5.9v-2.9h2.5V7.9C8.4,5.4,9.9,4,12.2,4c1.1,0,2.2,0.2,2.2,0.2v2.5h-1.3c-1.2,0-1.6,0.8-1.6,1.6v1.9h2.8L13.9,13h-2.3v7C16.3,19.2,20,15.1,20,10.1z\"\/>\n\t\t\t\t\t<\/svg>\n\t\t\t\t<\/span>\t\t\t\t<\/a>\n\t\t\t\t\t\t\t\n\t\t\t\t<a href=\"https:\/\/www.instagram.com\/elidenta_klinika\/\" data-network=\"instagram\" aria-label=\"Instagram\">\n\t\t\t\t\t<span class=\"ct-icon-container\">\n\t\t\t\t\t<svg\n\t\t\t\t\twidth=\"20\"\n\t\t\t\t\theight=\"20\"\n\t\t\t\t\tviewbox=\"0 0 20 20\"\n\t\t\t\t\taria-hidden=\"true\">\n\t\t\t\t\t\t<circle cx=\"10\" cy=\"10\" r=\"3.3\"\/>\n\t\t\t\t\t\t<path d=\"M14.2,0H5.8C2.6,0,0,2.6,0,5.8v8.3C0,17.4,2.6,20,5.8,20h8.3c3.2,0,5.8-2.6,5.8-5.8V5.8C20,2.6,17.4,0,14.2,0zM10,15c-2.8,0-5-2.2-5-5s2.2-5,5-5s5,2.2,5,5S12.8,15,10,15z M15.8,5C15.4,5,15,4.6,15,4.2s0.4-0.8,0.8-0.8s0.8,0.4,0.8,0.8S16.3,5,15.8,5z\"\/>\n\t\t\t\t\t<\/svg>\n\t\t\t\t<\/span>\t\t\t\t<\/a>\n\t\t\t\n\t\t\t\n\t\t\t\t\t<\/div>\n\n\t<\/div>\n<\/div>\n<\/div>\n<\/div>\n<\/div>\n<\/div>","protected":false},"excerpt":{"rendered":"<p>Atlikti darbai Jau \u0161iandien pasikalb\u0117kime ir suplanuokime j\u016bs\u0173 vizit\u0105 m\u016bs\u0173 klinikoje. Mes pasir\u016bpinsime jums patogiausiu laiku, i\u0161samiu ir ai\u0161kiu gydymo planu ir kartu gal\u0117sime \u017eengti tobulos j\u016bs\u0173 \u0161ypsenos link. Adresai Elidenta Protezavimo ir Implantologijos Klinika Verki\u0173 g. 39, 09109 Vilnius Vieta \u017eem\u0117lapyje Elidenta Protezavimo ir Implantologijos Kabinetas Rinktin\u0117s g. 36, 09315 Vilnius Vieta \u017eem\u0117lapyje Registrat\u016bra [&hellip;]<\/p>\n","protected":false},"author":1,"featured_media":0,"parent":0,"menu_order":0,"comment_status":"closed","ping_status":"closed","template":"","meta":{"_acf_changed":false,"footnotes":""},"class_list":["post-36304","page","type-page","status-publish","hentry"],"blocksy_meta":{"vertical_spacing_source":"inherit","content_area_spacing":"none","styles_descriptor":{"styles":{"desktop":"","tablet":"","mobile":""},"google_fonts":[],"version":6},"has_hero_section":"disabled"},"acf":[],"yoast_head":"<!-- This site is optimized with the Yoast SEO plugin v27.3 - https:\/\/yoast.com\/product\/yoast-seo-wordpress\/ -->\n<title>Kontaktai - Elidenta<\/title>\n<meta name=\"robots\" content=\"index, follow, max-snippet:-1, max-image-preview:large, max-video-preview:-1\" \/>\n<link rel=\"canonical\" href=\"https:\/\/elidenta.lt\/uk\/\u043a\u043e\u043d\u0442\u0430\u043a\u0442\u0438\/\" \/>\n<meta property=\"og:locale\" content=\"uk_UA\" \/>\n<meta property=\"og:type\" content=\"article\" \/>\n<meta property=\"og:title\" content=\"Kontaktai - Elidenta\" \/>\n<meta property=\"og:description\" content=\"Atlikti darbai Jau \u0161iandien pasikalb\u0117kime ir suplanuokime j\u016bs\u0173 vizit\u0105 m\u016bs\u0173 klinikoje. Mes pasir\u016bpinsime jums patogiausiu laiku, i\u0161samiu ir ai\u0161kiu gydymo planu ir kartu gal\u0117sime \u017eengti tobulos j\u016bs\u0173 \u0161ypsenos link. Adresai Elidenta Protezavimo ir Implantologijos Klinika Verki\u0173 g. 39, 09109 Vilnius Vieta \u017eem\u0117lapyje Elidenta Protezavimo ir Implantologijos Kabinetas Rinktin\u0117s g. 36, 09315 Vilnius Vieta \u017eem\u0117lapyje Registrat\u016bra [&hellip;]\" \/>\n<meta property=\"og:url\" content=\"https:\/\/elidenta.lt\/uk\/\u043a\u043e\u043d\u0442\u0430\u043a\u0442\u0438\/\" \/>\n<meta property=\"og:site_name\" content=\"Elidenta\" \/>\n<meta property=\"article:publisher\" content=\"https:\/\/www.facebook.com\/p\/Odontologijos-klinika-Elidenta-61558486250837\/\" \/>\n<meta property=\"article:modified_time\" content=\"2026-03-23T11:57:12+00:00\" \/>\n<meta name=\"twitter:card\" content=\"summary_large_image\" \/>\n<meta name=\"twitter:label1\" content=\"\u041f\u0440\u0438\u0431\u043b. \u0447\u0430\u0441 \u0447\u0438\u0442\u0430\u043d\u043d\u044f\" \/>\n\t<meta name=\"twitter:data1\" content=\"1 \u0445\u0432\u0438\u043b\u0438\u043d\u0430\" \/>\n<script type=\"application\/ld+json\" class=\"yoast-schema-graph\">{\"@context\":\"https:\\\/\\\/schema.org\",\"@graph\":[{\"@type\":\"WebPage\",\"@id\":\"https:\\\/\\\/elidenta.lt\\\/kontaktai\\\/\",\"url\":\"https:\\\/\\\/elidenta.lt\\\/kontaktai\\\/\",\"name\":\"Kontaktai - Elidenta\",\"isPartOf\":{\"@id\":\"https:\\\/\\\/elidenta.lt\\\/#website\"},\"datePublished\":\"2024-03-15T08:55:50+00:00\",\"dateModified\":\"2026-03-23T11:57:12+00:00\",\"breadcrumb\":{\"@id\":\"https:\\\/\\\/elidenta.lt\\\/kontaktai\\\/#breadcrumb\"},\"inLanguage\":\"uk\",\"potentialAction\":[{\"@type\":\"ReadAction\",\"target\":[\"https:\\\/\\\/elidenta.lt\\\/kontaktai\\\/\"]}]},{\"@type\":\"BreadcrumbList\",\"@id\":\"https:\\\/\\\/elidenta.lt\\\/kontaktai\\\/#breadcrumb\",\"itemListElement\":[{\"@type\":\"ListItem\",\"position\":1,\"name\":\"Home\",\"item\":\"https:\\\/\\\/elidenta.lt\\\/\"},{\"@type\":\"ListItem\",\"position\":2,\"name\":\"Kontaktai\"}]},{\"@type\":\"WebSite\",\"@id\":\"https:\\\/\\\/elidenta.lt\\\/#website\",\"url\":\"https:\\\/\\\/elidenta.lt\\\/\",\"name\":\"Elidenta\",\"description\":\"Odontologijos klinika\",\"publisher\":{\"@id\":\"https:\\\/\\\/elidenta.lt\\\/#organization\"},\"potentialAction\":[{\"@type\":\"SearchAction\",\"target\":{\"@type\":\"EntryPoint\",\"urlTemplate\":\"https:\\\/\\\/elidenta.lt\\\/?s={search_term_string}\"},\"query-input\":{\"@type\":\"PropertyValueSpecification\",\"valueRequired\":true,\"valueName\":\"search_term_string\"}}],\"inLanguage\":\"uk\"},{\"@type\":\"Organization\",\"@id\":\"https:\\\/\\\/elidenta.lt\\\/#organization\",\"name\":\"Elidenta\",\"url\":\"https:\\\/\\\/elidenta.lt\\\/\",\"logo\":{\"@type\":\"ImageObject\",\"inLanguage\":\"uk\",\"@id\":\"https:\\\/\\\/elidenta.lt\\\/#\\\/schema\\\/logo\\\/image\\\/\",\"url\":\"https:\\\/\\\/elidenta.lt\\\/wp-content\\\/uploads\\\/elidenta-logo-b.svg\",\"contentUrl\":\"https:\\\/\\\/elidenta.lt\\\/wp-content\\\/uploads\\\/elidenta-logo-b.svg\",\"width\":714,\"height\":150,\"caption\":\"Elidenta\"},\"image\":{\"@id\":\"https:\\\/\\\/elidenta.lt\\\/#\\\/schema\\\/logo\\\/image\\\/\"},\"sameAs\":[\"https:\\\/\\\/www.facebook.com\\\/p\\\/Odontologijos-klinika-Elidenta-61558486250837\\\/\",\"https:\\\/\\\/www.instagram.com\\\/elidenta_klinika\\\/\"]}]}<\/script>\n<!-- \/ Yoast SEO plugin. -->","yoast_head_json":{"title":"\u041a\u043e\u043d\u0442\u0430\u043a\u0442\u0438 - Elidenta","robots":{"index":"index","follow":"follow","max-snippet":"max-snippet:-1","max-image-preview":"max-image-preview:large","max-video-preview":"max-video-preview:-1"},"canonical":"https:\/\/elidenta.lt\/uk\/\u043a\u043e\u043d\u0442\u0430\u043a\u0442\u0438\/","og_locale":"uk_UA","og_type":"article","og_title":"Kontaktai - Elidenta","og_description":"Atlikti darbai Jau \u0161iandien pasikalb\u0117kime ir suplanuokime j\u016bs\u0173 vizit\u0105 m\u016bs\u0173 klinikoje. Mes pasir\u016bpinsime jums patogiausiu laiku, i\u0161samiu ir ai\u0161kiu gydymo planu ir kartu gal\u0117sime \u017eengti tobulos j\u016bs\u0173 \u0161ypsenos link. Adresai Elidenta Protezavimo ir Implantologijos Klinika Verki\u0173 g. 39, 09109 Vilnius Vieta \u017eem\u0117lapyje Elidenta Protezavimo ir Implantologijos Kabinetas Rinktin\u0117s g. 36, 09315 Vilnius Vieta \u017eem\u0117lapyje Registrat\u016bra [&hellip;]","og_url":"https:\/\/elidenta.lt\/uk\/\u043a\u043e\u043d\u0442\u0430\u043a\u0442\u0438\/","og_site_name":"Elidenta","article_publisher":"https:\/\/www.facebook.com\/p\/Odontologijos-klinika-Elidenta-61558486250837\/","article_modified_time":"2026-03-23T11:57:12+00:00","twitter_card":"summary_large_image","twitter_misc":{"\u041f\u0440\u0438\u0431\u043b. \u0447\u0430\u0441 \u0447\u0438\u0442\u0430\u043d\u043d\u044f":"1 \u0445\u0432\u0438\u043b\u0438\u043d\u0430"},"schema":{"@context":"https:\/\/schema.org","@graph":[{"@type":"WebPage","@id":"https:\/\/elidenta.lt\/kontaktai\/","url":"https:\/\/elidenta.lt\/kontaktai\/","name":"\u041a\u043e\u043d\u0442\u0430\u043a\u0442\u0438 - Elidenta","isPartOf":{"@id":"https:\/\/elidenta.lt\/#website"},"datePublished":"2024-03-15T08:55:50+00:00","dateModified":"2026-03-23T11:57:12+00:00","breadcrumb":{"@id":"https:\/\/elidenta.lt\/kontaktai\/#breadcrumb"},"inLanguage":"uk","potentialAction":[{"@type":"ReadAction","target":["https:\/\/elidenta.lt\/kontaktai\/"]}]},{"@type":"BreadcrumbList","@id":"https:\/\/elidenta.lt\/kontaktai\/#breadcrumb","itemListElement":[{"@type":"ListItem","position":1,"name":"Home","item":"https:\/\/elidenta.lt\/"},{"@type":"ListItem","position":2,"name":"Kontaktai"}]},{"@type":"WebSite","@id":"https:\/\/elidenta.lt\/#website","url":"https:\/\/elidenta.lt\/","name":"\u0415\u043b\u0456\u0434\u0435\u043d\u0442\u0430","description":"Odontologijos klinika","publisher":{"@id":"https:\/\/elidenta.lt\/#organization"},"potentialAction":[{"@type":"SearchAction","target":{"@type":"EntryPoint","urlTemplate":"https:\/\/elidenta.lt\/?s={search_term_string}"},"query-input":{"@type":"PropertyValueSpecification","valueRequired":true,"valueName":"search_term_string"}}],"inLanguage":"uk"},{"@type":"Organization","@id":"https:\/\/elidenta.lt\/#organization","name":"\u0415\u043b\u0456\u0434\u0435\u043d\u0442\u0430","url":"https:\/\/elidenta.lt\/","logo":{"@type":"ImageObject","inLanguage":"uk","@id":"https:\/\/elidenta.lt\/#\/schema\/logo\/image\/","url":"https:\/\/elidenta.lt\/wp-content\/uploads\/elidenta-logo-b.svg","contentUrl":"https:\/\/elidenta.lt\/wp-content\/uploads\/elidenta-logo-b.svg","width":714,"height":150,"caption":"Elidenta"},"image":{"@id":"https:\/\/elidenta.lt\/#\/schema\/logo\/image\/"},"sameAs":["https:\/\/www.facebook.com\/p\/Odontologijos-klinika-Elidenta-61558486250837\/","https:\/\/www.instagram.com\/elidenta_klinika\/"]}]}},"_links":{"self":[{"href":"https:\/\/elidenta.lt\/uk\/wp-json\/wp\/v2\/pages\/36304","targetHints":{"allow":["GET"]}}],"collection":[{"href":"https:\/\/elidenta.lt\/uk\/wp-json\/wp\/v2\/pages"}],"about":[{"href":"https:\/\/elidenta.lt\/uk\/wp-json\/wp\/v2\/types\/page"}],"author":[{"embeddable":true,"href":"https:\/\/elidenta.lt\/uk\/wp-json\/wp\/v2\/users\/1"}],"replies":[{"embeddable":true,"href":"https:\/\/elidenta.lt\/uk\/wp-json\/wp\/v2\/comments?post=36304"}],"version-history":[{"count":27,"href":"https:\/\/elidenta.lt\/uk\/wp-json\/wp\/v2\/pages\/36304\/revisions"}],"predecessor-version":[{"id":39882,"href":"https:\/\/elidenta.lt\/uk\/wp-json\/wp\/v2\/pages\/36304\/revisions\/39882"}],"wp:attachment":[{"href":"https:\/\/elidenta.lt\/uk\/wp-json\/wp\/v2\/media?parent=36304"}],"curies":[{"name":"wp","href":"https:\/\/api.w.org\/{rel}","templated":true}]}}